{"id":2130,"date":"2021-07-22T12:26:15","date_gmt":"2021-07-22T16:26:15","guid":{"rendered":"https:\/\/nspsignature.com\/?page_id=2130"},"modified":"2026-04-13T18:18:35","modified_gmt":"2026-04-13T22:18:35","slug":"promo_planche_a_decouper","status":"publish","type":"page","link":"https:\/\/nspsignature.com\/?page_id=2130","title":{"rendered":"Promotions"},"content":{"rendered":"<p>[et_pb_section fb_built=&raquo;1&Prime; admin_label=&raquo;Nos produits&raquo; _builder_version=&raquo;4.7.7&Prime; background_color=&raquo;#fbf0df&raquo; background_color_gradient_direction=&raquo;131deg&raquo; custom_padding=&raquo;80px|0px|20px|0px|false|false&raquo; animation_style=&raquo;slide&raquo; animation_direction=&raquo;top&raquo; animation_intensity_slide=&raquo;2%&raquo; animation_starting_opacity=&raquo;100%&raquo; locked=&raquo;off&raquo; collapsed=&raquo;on&raquo;][et_pb_row _builder_version=&raquo;3.25&Prime; background_size=&raquo;initial&raquo; background_position=&raquo;top_left&raquo; background_repeat=&raquo;repeat&raquo; min_height=&raquo;225.9px&raquo; custom_padding=&raquo;||0px|||&raquo; custom_width_px=&raquo;1440px&raquo;][et_pb_column type=&raquo;4_4&Prime; _builder_version=&raquo;3.25&Prime; custom_padding=&raquo;|||&raquo; custom_padding__hover=&raquo;|||&raquo;][et_pb_text _builder_version=&raquo;4.9.7&Prime; text_font=&raquo;||||||||&raquo; header_font=&raquo;|600|||||||&raquo; header_text_color=&raquo;#000000&Prime; header_2_font=&raquo;||||||||&raquo; header_3_font=&raquo;||||||||&raquo; header_4_font=&raquo;||||||||&raquo; header_5_font=&raquo;||||||||&raquo; header_6_font=&raquo;||||||||&raquo; text_orientation=&raquo;center&raquo; custom_margin=&raquo;||40px||false|false&raquo; locked=&raquo;off&raquo;]<\/p>\n<h1>Promo du mois!<\/h1>\n<p>[\/et_pb_text][et_pb_divider color=&raquo;#ffffff&raquo; divider_weight=&raquo;8px&raquo; disabled_on=&raquo;on|on|off&raquo; _builder_version=&raquo;4.7.7&Prime; max_width=&raquo;76px&raquo; module_alignment=&raquo;center&raquo; height=&raquo;10px&raquo; custom_margin=&raquo;||40px||false|false&raquo; animation_style=&raquo;slide&raquo; animation_direction=&raquo;bottom&raquo; saved_tabs=&raquo;all&raquo; locked=&raquo;off&raquo;][\/et_pb_divider][et_pb_text _builder_version=&raquo;4.9.7&Prime; text_font=&raquo;||||||||&raquo; text_text_color=&raquo;#000000&Prime; header_font=&raquo;||||||||&raquo; text_orientation=&raquo;center&raquo; custom_margin=&raquo;||70px||false|false&raquo; custom_padding=&raquo;24px||5px|||&raquo; custom_css_main_element=&raquo;margin-left: auto;||margin-right: auto;||max-width: 700px;&raquo; locked=&raquo;off&raquo; inline_fonts=&raquo;Merienda&raquo;]<\/p>\n<p><span style=\"font-family: Merienda; font-size: large;\">C&rsquo;est avec grand plaisir que nous offrons la possibilit\u00e9 aux clients de profiter de rabais promotionnel pour un cadeau personnalis\u00e9 \u00e0 votre image !<\/span><\/p>\n<p>[\/et_pb_text][\/et_pb_column][\/et_pb_row][\/et_pb_section][et_pb_section fb_built=&raquo;1&Prime; _builder_version=&raquo;3.22&Prime; custom_margin=&raquo;-27px|||||&raquo; custom_padding=&raquo;86px|||||&raquo; collapsed=&raquo;off&raquo;][et_pb_row column_structure=&raquo;1_2,1_2&Prime; make_equal=&raquo;on&raquo; _builder_version=&raquo;4.7.7&Prime; background_size=&raquo;initial&raquo; background_position=&raquo;top_left&raquo; background_repeat=&raquo;repeat&raquo; module_alignment=&raquo;center&raquo; min_height=&raquo;415.8px&raquo; custom_margin=&raquo;|auto|-115px|auto||&raquo; custom_padding=&raquo;0px||16px|||&raquo; animation_style=&raquo;slide&raquo; animation_direction=&raquo;top&raquo; animation_intensity_slide=&raquo;2%&raquo; animation_starting_opacity=&raquo;100%&raquo; box_shadow_style=&raquo;preset3&Prime; box_shadow_vertical=&raquo;40px&raquo; box_shadow_blur=&raquo;50px&raquo; box_shadow_color=&raquo;rgba(0,0,0,0.1)&raquo;][et_pb_column type=&raquo;1_2&Prime; _builder_version=&raquo;4.7.7&Prime; background_color=&raquo;#fbf0df&raquo; background_color_gradient_direction=&raquo;35deg&raquo; custom_padding=&raquo;|5%||5%&raquo; custom_padding__hover=&raquo;|||&raquo;][et_pb_image src=&raquo;https:\/\/nspsignature.com\/wp-content\/uploads\/2026\/04\/cadeau-personnalise-gravure-au-laser.png&raquo; alt=&raquo;f\u00eate des m\u00e8res-Gravure au laser-cadeau personnalis\u00e9&raquo; title_text=&raquo;cadeau personnalis\u00e9 gravure au laser&raquo; url=&raquo;https:\/\/nspsignature.com\/produit\/planche-a-decouper-en-bois-gravure-au-laser-toujours-meilleur-chez-maman-ustensiles\/&raquo; align_tablet=&raquo;center&raquo; align_phone=&raquo;&raquo; align_last_edited=&raquo;on|phone&raquo; _builder_version=&raquo;4.9.7&Prime; width=&raquo;100%&raquo; max_width=&raquo;100%&raquo; module_alignment=&raquo;center&raquo; min_height=&raquo;435.2px&raquo; custom_margin=&raquo;52px||27px||false|false&raquo; custom_padding=&raquo;|0px||||&raquo; animation_style=&raquo;zoom&raquo; animation_direction=&raquo;right&raquo; animation_intensity_zoom=&raquo;10%&raquo; animation_starting_opacity=&raquo;100%&raquo;][\/et_pb_image][\/et_pb_column][et_pb_column type=&raquo;1_2&Prime; _builder_version=&raquo;3.25&Prime; custom_padding=&raquo;40px|40px|40px|40px&raquo; custom_padding__hover=&raquo;|||&raquo;][et_pb_text _builder_version=&raquo;4.9.7&Prime; text_font=&raquo;||||||||&raquo; text_line_height=&raquo;1.8em&raquo; header_font=&raquo;|600|||||||&raquo; header_text_color=&raquo;#000000&Prime; header_2_font=&raquo;||||||||&raquo; header_3_font=&raquo;||||||||&raquo; header_4_font=&raquo;||||||||&raquo; header_5_font=&raquo;||||||||&raquo; header_6_font=&raquo;||||||||&raquo; custom_margin=&raquo;||30px||false|false&raquo; custom_padding=&raquo;19px||||false|false&raquo; locked=&raquo;off&raquo;]<\/p>\n<h3>Cette ann\u00e9e, <br \/>soyez diff\u00e9rent !<\/h3>\n<p>[\/et_pb_text][et_pb_divider color=&raquo;#FBF0DF&raquo; divider_weight=&raquo;8px&raquo; disabled_on=&raquo;on|on|off&raquo; _builder_version=&raquo;4.7.4&Prime; max_width=&raquo;76px&raquo; module_alignment=&raquo;left&raquo; height=&raquo;10px&raquo; custom_margin=&raquo;||24px||false|false&raquo; animation_style=&raquo;slide&raquo; animation_direction=&raquo;bottom&raquo; saved_tabs=&raquo;all&raquo; locked=&raquo;off&raquo;][\/et_pb_divider][et_pb_text _builder_version=&raquo;4.9.7&Prime; text_font=&raquo;||||||||&raquo; text_text_color=&raquo;#000000&Prime; header_font=&raquo;||||||||&raquo; custom_margin=&raquo;-15px||9px||false|false&raquo; custom_padding=&raquo;||0px|||&raquo; locked=&raquo;off&raquo;]<\/p>\n<p>Offrir un cadeau personnalis\u00e9 est le plus beau souvenir qui restera pour toujours graver dans le c\u0153ur de cette maman qu&rsquo;on aime tant.<\/p>\n<p>Nos prix sont comp\u00e9titifs avec une qualit\u00e9 sup\u00e9rieure et des produits hautes gammes.<\/p>\n<p>Visitez <span style=\"color: #0c71c3;\"><em><a style=\"color: #0c71c3;\" href=\"https:\/\/nspsignature.com\/?product=planche-a-decouper-personnalisee\"><strong>la boutique<\/strong><\/a><\/em><\/span> pour voir les mod\u00e8les en promotion.<br \/>____________________<\/p>\n<p>[\/et_pb_text][\/et_pb_column][\/et_pb_row][\/et_pb_section][et_pb_section fb_built=&raquo;1&Prime; admin_label=&raquo;Featured Products&raquo; _builder_version=&raquo;3.22&Prime; min_height=&raquo;673.8px&raquo; custom_margin=&raquo;2px|||||&raquo; custom_padding=&raquo;72px||3px|||&raquo;][et_pb_row _builder_version=&raquo;4.7.7&Prime; _module_preset=&raquo;default&raquo; min_height=&raquo;494.8px&raquo; custom_margin=&raquo;31px|auto||auto||&raquo; custom_padding=&raquo;53px||30px|||&raquo;][et_pb_column type=&raquo;4_4&Prime; _builder_version=&raquo;4.7.7&Prime; _module_preset=&raquo;default&raquo;][et_pb_text _builder_version=&raquo;4.9.7&Prime; _module_preset=&raquo;default&raquo; text_orientation=&raquo;center&raquo;]<\/p>\n<h3>Produits en promos<\/h3>\n<p>[\/et_pb_text][et_pb_shop type=&raquo;sale&raquo; posts_number=&raquo;4&Prime; _builder_version=&raquo;4.9.7&Prime; _module_preset=&raquo;default&raquo; min_height=&raquo;377.9px&raquo; custom_margin=&raquo;||-6px|||&raquo; custom_padding=&raquo;||0px|||&raquo; hover_enabled=&raquo;0&Prime; sticky_enabled=&raquo;0&Prime;][\/et_pb_shop][\/et_pb_column][\/et_pb_row][\/et_pb_section][et_pb_section fb_built=&raquo;1&Prime; _builder_version=&raquo;4.7.7&Prime; _module_preset=&raquo;default&raquo; custom_margin=&raquo;-25px|||||&raquo;][et_pb_row column_structure=&raquo;3_5,2_5&Prime; _builder_version=&raquo;4.7.7&Prime; _module_preset=&raquo;default&raquo; link_option_url=&raquo;https:\/\/squareup.com\/gift\/ML2JRHD5QGA2Z\/order&raquo;][et_pb_column type=&raquo;3_5&Prime; _builder_version=&raquo;4.7.7&Prime; _module_preset=&raquo;default&raquo;][et_pb_image src=&raquo;https:\/\/dev.nspsignature.com\/wp-content\/uploads\/2021\/03\/Cheque-cadeau-nsp-signature-gravure-sur-bois.png&raquo; title_text=&raquo;Cheque cadeau nsp signature gravure sur bois&raquo; _builder_version=&raquo;4.7.7&Prime; _module_preset=&raquo;default&raquo; custom_margin=&raquo;5px|||||&raquo;][\/et_pb_image][\/et_pb_column][et_pb_column type=&raquo;2_5&Prime; _builder_version=&raquo;4.7.7&Prime; _module_preset=&raquo;default&raquo;][et_pb_text _builder_version=&raquo;4.9.7&Prime; _module_preset=&raquo;default&raquo;]<\/p>\n<h1><strong>Offrez un ch\u00e8que-cadeau !<\/strong><\/h1>\n<p>&nbsp;<\/p>\n<p>Disponible sur la boutique en ligne.<\/p>\n<p>Un courriel sera envoy\u00e9 \u00e0 la personne \u00e0 qui vous voulez offrir ce cadeau avec plusieurs choix d&rsquo;images indiquant le forfait que vous avez choisi.<\/p>\n<p>C&rsquo;est simple et facile !<\/p>\n<p>[\/et_pb_text][et_pb_button button_url=&raquo;https:\/\/squareup.com\/gift\/ML2JRHD5QGA2Z\/order&raquo; button_text=&raquo;J&rsquo;ach\u00e8te&raquo; _builder_version=&raquo;4.7.7&Prime; _module_preset=&raquo;default&raquo;][\/et_pb_button][\/et_pb_column][\/et_pb_row][\/et_pb_section][et_pb_section fb_built=&raquo;1&Prime; disabled_on=&raquo;off|off|off&raquo; admin_label=&raquo;Inscription \u00e0 l&rsquo;infolettre&raquo; _builder_version=&raquo;4.7.7&Prime; background_color=&raquo;#fbf0df&raquo; background_color_gradient_direction=&raquo;131deg&raquo; max_width=&raquo;1160px&raquo; max_width_tablet=&raquo;&raquo; max_width_phone=&raquo;&raquo; max_width_last_edited=&raquo;on|phone&raquo; module_alignment=&raquo;center&raquo; min_height=&raquo;766.7px&raquo; custom_margin=&raquo;||||false|false&raquo; custom_padding=&raquo;0px|0px|0px|0px&raquo; animation_style=&raquo;slide&raquo; animation_direction=&raquo;bottom&raquo; animation_intensity_slide=&raquo;14%&raquo; animation_starting_opacity=&raquo;100%&raquo; box_shadow_style=&raquo;preset7&Prime; box_shadow_horizontal=&raquo;0px&raquo; box_shadow_vertical=&raquo;100px&raquo; box_shadow_color=&raquo;#ffffff&raquo; global_module=&raquo;244&Prime; saved_tabs=&raquo;all&raquo; locked=&raquo;off&raquo;][et_pb_row column_structure=&raquo;1_2,1_2&Prime; make_equal=&raquo;on&raquo; module_class=&raquo; et_pb_row_fullwidth&raquo; _builder_version=&raquo;4.7.4&Prime; background_color_gradient_direction=&raquo;38deg&raquo; width=&raquo;89%&raquo; width_tablet=&raquo;80%&raquo; width_phone=&raquo;&raquo; width_last_edited=&raquo;on|desktop&raquo; max_width=&raquo;89%&raquo; max_width_tablet=&raquo;80%&raquo; max_width_phone=&raquo;&raquo; max_width_last_edited=&raquo;on|desktop&raquo; module_alignment=&raquo;center&raquo; min_height=&raquo;717.7px&raquo; custom_padding=&raquo;||20px|||&raquo; custom_css_main_element=&raquo;align-items: flex-end;&raquo; make_fullwidth=&raquo;on&raquo; locked=&raquo;off&raquo;][et_pb_column type=&raquo;1_2&Prime; _builder_version=&raquo;4.7.4&Prime; custom_padding=&raquo;||60px||false|false&raquo; custom_padding__hover=&raquo;|||&raquo;][et_pb_signup mailchimp_list=&raquo;Liste Client|6b1671a788&Prime; first_name_field=&raquo;off&raquo; last_name_field=&raquo;off&raquo; success_message=&raquo;Merci ! Nous avons bien re\u00e7u votre inscription.&raquo; title=&raquo;Restez inform\u00e9s !&raquo; button_text=&raquo;Inscrivez-moi&raquo; description=&raquo;<\/p>\n<p>\u00cates-vous int\u00e9ress\u00e9s \u00e0 en apprendre plus sur nos promotions et produits? Abonnez-vous \u00e0 notre infolettre!<\/p>\n<p>De plus, en vous inscrivant maintenant, recevez un escompte applicable sur votre prochain achat.<\/p>\n<div class=%22g%22>\n<div class=%22tF2Cxc%22 data-hveid=%22CAIQAA%22 data-ved=%222ahUKEwjhwbeln-DuAhVCMVkFHTJsDjoQFSgAMAJ6BAgCEAA%22><\/div>\n<\/div>\n<p>&raquo; module_id=&raquo;inscription-infolettre&raquo; _builder_version=&raquo;4.9.7&Prime; form_field_text_color=&raquo;#d65729&Prime; header_level=&raquo;h3&Prime; header_font=&raquo;|700|||||||&raquo; header_text_color=&raquo;#000000&Prime; header_font_size=&raquo;30px&raquo; header_line_height=&raquo;1.5em&raquo; body_font=&raquo;||||||||&raquo; form_field_font=&raquo;Roboto|||on|||||&raquo; form_field_font_size=&raquo;15px&raquo; form_field_letter_spacing=&raquo;2px&raquo; form_field_line_height=&raquo;1.4em&raquo; use_background_color=&raquo;off&raquo; custom_button=&raquo;on&raquo; button_text_size=&raquo;14px&raquo; button_bg_color=&raquo;#f7d584&Prime; button_border_color=&raquo;#f7d584&Prime; button_letter_spacing=&raquo;2px&raquo; button_font=&raquo;Roboto|700||on|||||&raquo; button_use_icon=&raquo;off&raquo; background_layout=&raquo;light&raquo; min_height=&raquo;473.8px&raquo; custom_margin=&raquo;||||false|false&raquo; animation_style=&raquo;slide&raquo; animation_direction=&raquo;top&raquo; animation_intensity_slide=&raquo;6%&raquo; border_radii_fields=&raquo;on|0px|0px|0px|0px&raquo; button_letter_spacing_hover=&raquo;2px&raquo; button_text_size__hover_enabled=&raquo;off&raquo; button_one_text_size__hover_enabled=&raquo;off&raquo; button_two_text_size__hover_enabled=&raquo;off&raquo; button_text_color__hover_enabled=&raquo;off&raquo; button_one_text_color__hover_enabled=&raquo;off&raquo; button_two_text_color__hover_enabled=&raquo;off&raquo; button_border_width__hover_enabled=&raquo;off&raquo; button_one_border_width__hover_enabled=&raquo;off&raquo; button_two_border_width__hover_enabled=&raquo;off&raquo; button_border_color__hover_enabled=&raquo;off&raquo; button_one_border_color__hover_enabled=&raquo;off&raquo; button_two_border_color__hover_enabled=&raquo;off&raquo; button_border_radius__hover_enabled=&raquo;off&raquo; button_one_border_radius__hover_enabled=&raquo;off&raquo; button_two_border_radius__hover_enabled=&raquo;off&raquo; button_letter_spacing__hover_enabled=&raquo;on&raquo; button_letter_spacing__hover=&raquo;2px&raquo; button_one_letter_spacing__hover_enabled=&raquo;off&raquo; button_two_letter_spacing__hover_enabled=&raquo;off&raquo; button_bg_color__hover_enabled=&raquo;off&raquo; button_one_bg_color__hover_enabled=&raquo;off&raquo; button_two_bg_color__hover_enabled=&raquo;off&raquo;][\/et_pb_signup][\/et_pb_column][et_pb_column type=&raquo;1_2&Prime; _builder_version=&raquo;3.25&Prime; custom_padding=&raquo;|||&raquo; custom_padding__hover=&raquo;|||&raquo;][et_pb_image src=&raquo;https:\/\/dev.nspsignature.com\/wp-content\/uploads\/2021\/02\/cellulaire-infolettre-2-site-web.png&raquo; alt=&raquo;Infolettre de NSP Signature&raquo; title_text=&raquo;cellulaire infolettre site Web NSP Signauture&raquo; show_bottom_space=&raquo;off&raquo; _builder_version=&raquo;4.7.7&Prime; max_width=&raquo;500px&raquo; module_alignment=&raquo;center&raquo; custom_margin=&raquo;75px|||||&raquo; custom_padding=&raquo;|||&raquo; animation_style=&raquo;slide&raquo; animation_direction=&raquo;right&raquo; animation_intensity_slide=&raquo;6%&raquo; animation_starting_opacity=&raquo;100%&raquo; always_center_on_mobile=&raquo;off&raquo;][\/et_pb_image][\/et_pb_column][\/et_pb_row][\/et_pb_section][et_pb_section fb_built=&raquo;1&Prime; admin_label=&raquo;Suivez-nous sur Facebook&raquo; _builder_version=&raquo;4.7.7&Prime; _module_preset=&raquo;default&raquo; background_enable_image=&raquo;off&raquo; min_height=&raquo;203px&raquo; custom_margin=&raquo;100px||90px||false|false&raquo; custom_padding=&raquo;0px||0px||false|false&raquo; link_option_url=&raquo;https:\/\/www.facebook.com\/nspsignature&raquo; global_module=&raquo;243&Prime;][et_pb_row _builder_version=&raquo;4.7.7&Prime; _module_preset=&raquo;default&raquo; background_image=&raquo;https:\/\/dev.nspsignature.com\/wp-content\/uploads\/2020\/12\/home-suivez-nous-sur-facebook-bg-01@2x.jpg&raquo; width=&raquo;100%&raquo; custom_padding=&raquo;5px||5px||false|false&raquo;][et_pb_column type=&raquo;4_4&Prime; _builder_version=&raquo;4.7.4&Prime; _module_preset=&raquo;default&raquo;][et_pb_text module_id=&raquo;suivez-nous-sur-facebook&raquo; _builder_version=&raquo;4.7.7&Prime; _module_preset=&raquo;default&raquo; text_font=&raquo;Arima Madurai|500|||||||&raquo; text_font_size=&raquo;30px&raquo; text_letter_spacing=&raquo;2px&raquo; text_orientation=&raquo;center&raquo; custom_padding=&raquo;45px|5px|45px|5px|false|false&raquo; link_option_url=&raquo;https:\/\/www.facebook.com\/nspsignature&raquo; link_option_url_new_window=&raquo;on&raquo; text_font_size_tablet=&raquo;&raquo; text_font_size_phone=&raquo;20px&raquo; text_font_size_last_edited=&raquo;on|phone&raquo; border_radii=&raquo;on|2px|2px|2px|2px&raquo; border_width_all=&raquo;2px&raquo; border_color_all=&raquo;rgba(146,56,24,0.38)&raquo;]<\/p>\n<div><\/div>\n<div style=\"padding-bottom: 20px\">~ Suivez-nous sur Facebook ~<\/div>\n<\/p>\n<div><img loading=\"lazy\" decoding=\"async\" src=\"https:\/\/dev.nspsignature.com\/wp-content\/uploads\/2020\/12\/home-suivez-nous-sur-facebook-icon.png\" alt=\"\" width=\"54\" height=\"54\" \/><\/div>\n<p>[\/et_pb_text][\/et_pb_column][\/et_pb_row][\/et_pb_section]<\/p>\n","protected":false},"excerpt":{"rendered":"<p>[et_pb_section fb_built=&raquo;1&Prime; admin_label=&raquo;Nos produits&raquo; _builder_version=&raquo;4.7.7&Prime; background_color=&raquo;#fbf0df&raquo; background_color_gradient_direction=&raquo;131deg&raquo; custom_padding=&raquo;80px|0px|20px|0px|false|false&raquo; animation_style=&raquo;slide&raquo; animation_direction=&raquo;top&raquo; animation_intensity_slide=&raquo;2%&raquo; animation_starting_opacity=&raquo;100%&raquo; locked=&raquo;off&raquo; collapsed=&raquo;on&raquo;][et_pb_row _builder_version=&raquo;3.25&Prime; background_size=&raquo;initial&raquo; background_position=&raquo;top_left&raquo; background_repeat=&raquo;repeat&raquo; min_height=&raquo;225.9px&raquo; custom_padding=&raquo;||0px|||&raquo; custom_width_px=&raquo;1440px&raquo;][et_pb_column type=&raquo;4_4&Prime; _builder_version=&raquo;3.25&Prime; custom_padding=&raquo;|||&raquo; custom_padding__hover=&raquo;|||&raquo;][et_pb_text _builder_version=&raquo;4.9.7&Prime; text_font=&raquo;||||||||&raquo; header_font=&raquo;|600|||||||&raquo; header_text_color=&raquo;#000000&Prime; header_2_font=&raquo;||||||||&raquo; header_3_font=&raquo;||||||||&raquo; header_4_font=&raquo;||||||||&raquo; header_5_font=&raquo;||||||||&raquo; header_6_font=&raquo;||||||||&raquo; text_orientation=&raquo;center&raquo; custom_margin=&raquo;||40px||false|false&raquo; locked=&raquo;off&raquo;] Promo du mois! [\/et_pb_text][et_pb_divider color=&raquo;#ffffff&raquo; divider_weight=&raquo;8px&raquo; disabled_on=&raquo;on|on|off&raquo; _builder_version=&raquo;4.7.7&Prime; max_width=&raquo;76px&raquo; module_alignment=&raquo;center&raquo; height=&raquo;10px&raquo; custom_margin=&raquo;||40px||false|false&raquo; animation_style=&raquo;slide&raquo; animation_direction=&raquo;bottom&raquo; saved_tabs=&raquo;all&raquo; locked=&raquo;off&raquo;][\/et_pb_divider][et_pb_text _builder_version=&raquo;4.9.7&Prime; text_font=&raquo;||||||||&raquo; [&hellip;]<\/p>\n","protected":false},"author":3,"featured_media":0,"parent":0,"menu_order":0,"comment_status":"closed","ping_status":"closed","template":"","meta":{"_et_pb_use_builder":"on","_et_pb_old_content":"","_et_gb_content_width":"","om_disable_all_campaigns":false,"_monsterinsights_skip_tracking":false,"_monsterinsights_sitenote_active":false,"_monsterinsights_sitenote_note":"","_monsterinsights_sitenote_category":0,"footnotes":""},"_links":{"self":[{"href":"https:\/\/nspsignature.com\/index.php?rest_route=\/wp\/v2\/pages\/2130"}],"collection":[{"href":"https:\/\/nspsignature.com\/index.php?rest_route=\/wp\/v2\/pages"}],"about":[{"href":"https:\/\/nspsignature.com\/index.php?rest_route=\/wp\/v2\/types\/page"}],"author":[{"embeddable":true,"href":"https:\/\/nspsignature.com\/index.php?rest_route=\/wp\/v2\/users\/3"}],"replies":[{"embeddable":true,"href":"https:\/\/nspsignature.com\/index.php?rest_route=%2Fwp%2Fv2%2Fcomments&post=2130"}],"version-history":[{"count":109,"href":"https:\/\/nspsignature.com\/index.php?rest_route=\/wp\/v2\/pages\/2130\/revisions"}],"predecessor-version":[{"id":5039,"href":"https:\/\/nspsignature.com\/index.php?rest_route=\/wp\/v2\/pages\/2130\/revisions\/5039"}],"wp:attachment":[{"href":"https:\/\/nspsignature.com\/index.php?rest_route=%2Fwp%2Fv2%2Fmedia&parent=2130"}],"curies":[{"name":"wp","href":"https:\/\/api.w.org\/{rel}","templated":true}]}}