{"id":3980,"date":"2022-06-04T14:21:05","date_gmt":"2022-06-04T18:21:05","guid":{"rendered":"https:\/\/nspsignature.com\/?page_id=3980"},"modified":"2022-11-03T11:51:30","modified_gmt":"2022-11-03T15:51:30","slug":"boutique-en-ligne","status":"publish","type":"page","link":"https:\/\/nspsignature.com\/?page_id=3980","title":{"rendered":"Boutique en ligne"},"content":{"rendered":"<p>[et_pb_section fb_built=&raquo;1&Prime; _builder_version=&raquo;4.9.7&Prime; _module_preset=&raquo;default&raquo; background_color=&raquo;#fbf0df&raquo; min_height=&raquo;399.5px&raquo; custom_padding=&raquo;||2px|||&raquo;][et_pb_row _builder_version=&raquo;4.9.7&Prime; _module_preset=&raquo;default&raquo;][et_pb_column type=&raquo;4_4&Prime; _builder_version=&raquo;4.9.7&Prime; _module_preset=&raquo;default&raquo;][et_pb_text _builder_version=&raquo;4.9.7&Prime; _module_preset=&raquo;default&raquo; custom_margin=&raquo;13px|||||&raquo;]<\/p>\n<h1 style=\"text-align: center;\">Bienvenue sur la boutique en ligne<\/h1>\n<p>[\/et_pb_text][et_pb_text _builder_version=&raquo;4.9.7&Prime; _module_preset=&raquo;default&raquo; custom_margin=&raquo;-28px|||||&raquo;]<\/p>\n<p style=\"text-align: center;\"><span style=\"font-family: Merienda; font-weight: normal; font-size: large;\"><br \/><\/span>Offrez le cadeau personnalis\u00e9 parfait pour un ami, un coll\u00e8gue, un membre de la famille ou simplement se l&rsquo;offrir.<\/p>\n<p style=\"text-align: center;\">Choisir un cadeau personnalis\u00e9 pour un \u00eatre ch\u00e8re, c&rsquo;est comme donner une partie de soi-m\u00eame.<\/p>\n<p style=\"text-align: center;\"><span style=\"font-family: inherit; font-weight: normal; font-size: medium;\"><em>Tous nos prix sont taxes incluses !<\/em><\/span><\/p>\n<p>[\/et_pb_text][\/et_pb_column][\/et_pb_row][\/et_pb_section][et_pb_section fb_built=&raquo;1&Prime; _builder_version=&raquo;4.9.7&Prime; _module_preset=&raquo;default&raquo; custom_padding=&raquo;18px|||||&raquo;][et_pb_row _builder_version=&raquo;4.9.7&Prime; _module_preset=&raquo;default&raquo;][et_pb_column type=&raquo;4_4&Prime; _builder_version=&raquo;4.9.7&Prime; _module_preset=&raquo;default&raquo;][et_pb_code _builder_version=&raquo;4.9.7&Prime; _module_preset=&raquo;default&raquo; custom_margin=&raquo;||-31px|||&raquo;]<div class=\"woocommerce columns-4\"><ul class=\"products columns-4\">\n<li class=\"product-category product first\">\n\t<a aria-label=\"Acc\u00e9der \u00e0 la cat\u00e9gorie de produits 1- Planche \u00e0 d\u00e9couper\" href=\"https:\/\/nspsignature.com\/?product_cat=planche-a-decouper\"><img loading=\"lazy\" decoding=\"async\" src=\"https:\/\/nspsignature.com\/wp-content\/uploads\/2021\/11\/planche-a-decouper-personnalisee-pour-maman-mamie-grand-maman-300x300.png\" alt=\"1- Planche \u00e0 d\u00e9couper\" width=\"300\" height=\"300\" \/>\t\t<h2 class=\"woocommerce-loop-category__title\">\n\t\t\t1- Planche \u00e0 d\u00e9couper <mark class=\"count\">(15)<\/mark>\t\t<\/h2>\n\t\t<\/a><\/li>\n<li class=\"product-category product\">\n\t<a aria-label=\"Acc\u00e9der \u00e0 la cat\u00e9gorie de produits Accroche porte chambre d&#039;enfant\" href=\"https:\/\/nspsignature.com\/?product_cat=accroche-porte-enfant\"><img loading=\"lazy\" decoding=\"async\" src=\"https:\/\/nspsignature.com\/wp-content\/uploads\/2022\/10\/Accroche-porte-chambre-denfants-600x600-1-300x300.png\" alt=\"Accroche porte chambre d&#039;enfant\" width=\"300\" height=\"300\" \/>\t\t<h2 class=\"woocommerce-loop-category__title\">\n\t\t\tAccroche porte chambre d&#039;enfant <mark class=\"count\">(6)<\/mark>\t\t<\/h2>\n\t\t<\/a><\/li>\n<li class=\"product-category product\">\n\t<a aria-label=\"Acc\u00e9der \u00e0 la cat\u00e9gorie de produits Affiche Camping et chalet\" href=\"https:\/\/nspsignature.com\/?product_cat=affiche-pour-le-camping-et-le-chalet\"><img loading=\"lazy\" decoding=\"async\" src=\"https:\/\/nspsignature.com\/wp-content\/uploads\/2021\/11\/Pour-le-camping-et-le-chalet-planche-personnalisee-300x300.png\" alt=\"Affiche Camping et chalet\" width=\"300\" height=\"300\" \/>\t\t<h2 class=\"woocommerce-loop-category__title\">\n\t\t\tAffiche Camping et chalet <mark class=\"count\">(7)<\/mark>\t\t<\/h2>\n\t\t<\/a><\/li>\n<li class=\"product-category product last\">\n\t<a aria-label=\"Acc\u00e9der \u00e0 la cat\u00e9gorie de produits Affiche r\u00e9sidentielle\" href=\"https:\/\/nspsignature.com\/?product_cat=affiche-residentielle\"><img loading=\"lazy\" decoding=\"async\" src=\"https:\/\/nspsignature.com\/wp-content\/uploads\/2022\/08\/Affiche-residentielle-camping-chalet-personnalisee-300x300.jpg\" alt=\"Affiche r\u00e9sidentielle\" width=\"300\" height=\"300\" \/>\t\t<h2 class=\"woocommerce-loop-category__title\">\n\t\t\tAffiche r\u00e9sidentielle <mark class=\"count\">(10)<\/mark>\t\t<\/h2>\n\t\t<\/a><\/li>\n<li class=\"product-category product first\">\n\t<a aria-label=\"Acc\u00e9der \u00e0 la cat\u00e9gorie de produits Banc - Tabouret de Comptoir\" href=\"https:\/\/nspsignature.com\/?product_cat=banc-de-comptoir-tabouret\"><img loading=\"lazy\" decoding=\"async\" src=\"https:\/\/nspsignature.com\/wp-content\/uploads\/2021\/08\/87266548_631983760960135_5193640794111606784_n-300x300.jpg\" alt=\"Banc - Tabouret de Comptoir\" width=\"300\" height=\"300\" \/>\t\t<h2 class=\"woocommerce-loop-category__title\">\n\t\t\tBanc - Tabouret de Comptoir <mark class=\"count\">(1)<\/mark>\t\t<\/h2>\n\t\t<\/a><\/li>\n<li class=\"product-category product\">\n\t<a aria-label=\"Acc\u00e9der \u00e0 la cat\u00e9gorie de produits BBQ - Grattoir \u00e0 Barbecue\" href=\"https:\/\/nspsignature.com\/?product_cat=barbecue-grattoir-a-bbq\"><img loading=\"lazy\" decoding=\"async\" src=\"https:\/\/nspsignature.com\/wp-content\/uploads\/2021\/11\/grattoir-bbq-personnalisee-gravure-au-laser-pour-papa-300x300.png\" alt=\"BBQ - Grattoir \u00e0 Barbecue\" width=\"300\" height=\"300\" \/>\t\t<h2 class=\"woocommerce-loop-category__title\">\n\t\t\tBBQ - Grattoir \u00e0 Barbecue <mark class=\"count\">(1)<\/mark>\t\t<\/h2>\n\t\t<\/a><\/li>\n<li class=\"product-category product\">\n\t<a aria-label=\"Acc\u00e9der \u00e0 la cat\u00e9gorie de produits Cache-couche b\u00e9b\u00e9 personnalis\u00e9\" href=\"https:\/\/nspsignature.com\/?product_cat=cache-couche-bebe-personnalise\"><img loading=\"lazy\" decoding=\"async\" src=\"https:\/\/nspsignature.com\/wp-content\/uploads\/2022\/12\/cache-couche-bebe-personnalise-300x300.png\" alt=\"Cache-couche b\u00e9b\u00e9 personnalis\u00e9\" width=\"300\" height=\"300\" \/>\t\t<h2 class=\"woocommerce-loop-category__title\">\n\t\t\tCache-couche b\u00e9b\u00e9 personnalis\u00e9 <mark class=\"count\">(2)<\/mark>\t\t<\/h2>\n\t\t<\/a><\/li>\n<li class=\"product-category product last\">\n\t<a aria-label=\"Acc\u00e9der \u00e0 la cat\u00e9gorie de produits Coupe et verre de vin - Gravure sur verre\" href=\"https:\/\/nspsignature.com\/?product_cat=coupe-de-vin-personnalisee\"><img loading=\"lazy\" decoding=\"async\" src=\"https:\/\/nspsignature.com\/wp-content\/uploads\/2022\/10\/Verre-de-vin-personnalise-et-bouteille-a-vin-personnalisee-gravure-au-laser-300x300.png\" alt=\"Coupe et verre de vin - Gravure sur verre\" width=\"300\" height=\"300\" \/>\t\t<h2 class=\"woocommerce-loop-category__title\">\n\t\t\tCoupe et verre de vin - Gravure sur verre <mark class=\"count\">(3)<\/mark>\t\t<\/h2>\n\t\t<\/a><\/li>\n<li class=\"product-category product first\">\n\t<a aria-label=\"Acc\u00e9der \u00e0 la cat\u00e9gorie de produits Cuill\u00e8res en bois\" href=\"https:\/\/nspsignature.com\/?product_cat=cuilleres-en-bois\"><img loading=\"lazy\" decoding=\"async\" src=\"https:\/\/nspsignature.com\/wp-content\/uploads\/2020\/10\/cuilliere-bois-personnalise-pub-300x300.jpg\" alt=\"Cuill\u00e8res en bois\" width=\"300\" height=\"300\" \/>\t\t<h2 class=\"woocommerce-loop-category__title\">\n\t\t\tCuill\u00e8res en bois <mark class=\"count\">(1)<\/mark>\t\t<\/h2>\n\t\t<\/a><\/li>\n<li class=\"product-category product\">\n\t<a aria-label=\"Acc\u00e9der \u00e0 la cat\u00e9gorie de produits D\u00e9coration murale personnalis\u00e9e\" href=\"https:\/\/nspsignature.com\/?product_cat=decoration-murale\"><img loading=\"lazy\" decoding=\"async\" src=\"https:\/\/nspsignature.com\/wp-content\/uploads\/2022\/08\/Decoration-murale-personnalisee-pour-linterieur-de-la-maison-300x300.png\" alt=\"D\u00e9coration murale personnalis\u00e9e\" width=\"300\" height=\"300\" \/>\t\t<h2 class=\"woocommerce-loop-category__title\">\n\t\t\tD\u00e9coration murale personnalis\u00e9e <mark class=\"count\">(5)<\/mark>\t\t<\/h2>\n\t\t<\/a><\/li>\n<li class=\"product-category product\">\n\t<a aria-label=\"Acc\u00e9der \u00e0 la cat\u00e9gorie de produits F\u00eate de la Saint-Valentin\" href=\"https:\/\/nspsignature.com\/?product_cat=fete-de-la-saint-valentin\"><img loading=\"lazy\" decoding=\"async\" src=\"https:\/\/nspsignature.com\/wp-content\/uploads\/2021\/11\/cadeau-st-valentin-personnalise-pour-lamour-de-sa-vie-300x300.png\" alt=\"F\u00eate de la Saint-Valentin\" width=\"300\" height=\"300\" \/>\t\t<h2 class=\"woocommerce-loop-category__title\">\n\t\t\tF\u00eate de la Saint-Valentin <mark class=\"count\">(7)<\/mark>\t\t<\/h2>\n\t\t<\/a><\/li>\n<li class=\"product-category product last\">\n\t<a aria-label=\"Acc\u00e9der \u00e0 la cat\u00e9gorie de produits F\u00eate de No\u00ebl\" href=\"https:\/\/nspsignature.com\/?product_cat=fete-de-noel\"><img loading=\"lazy\" decoding=\"async\" src=\"https:\/\/nspsignature.com\/wp-content\/uploads\/2021\/11\/Le-plus-beau-des-cadeaux-de-Noel-personnalisee-300x300.png\" alt=\"F\u00eate de No\u00ebl\" width=\"300\" height=\"300\" \/>\t\t<h2 class=\"woocommerce-loop-category__title\">\n\t\t\tF\u00eate de No\u00ebl <mark class=\"count\">(15)<\/mark>\t\t<\/h2>\n\t\t<\/a><\/li>\n<li class=\"product-category product first\">\n\t<a aria-label=\"Acc\u00e9der \u00e0 la cat\u00e9gorie de produits F\u00eate des m\u00e8re\" href=\"https:\/\/nspsignature.com\/?product_cat=fete-des-mere\"><img loading=\"lazy\" decoding=\"async\" src=\"https:\/\/nspsignature.com\/wp-content\/uploads\/2021\/11\/cadeau-personnalise-pour-la-fete-des-meres-gravure-au-laser-300x300.png\" alt=\"F\u00eate des m\u00e8re\" width=\"300\" height=\"300\" \/>\t\t<h2 class=\"woocommerce-loop-category__title\">\n\t\t\tF\u00eate des m\u00e8re <mark class=\"count\">(17)<\/mark>\t\t<\/h2>\n\t\t<\/a><\/li>\n<li class=\"product-category product\">\n\t<a aria-label=\"Acc\u00e9der \u00e0 la cat\u00e9gorie de produits F\u00eate des p\u00e8res\" href=\"https:\/\/nspsignature.com\/?product_cat=fete-des-peres\"><img loading=\"lazy\" decoding=\"async\" src=\"https:\/\/nspsignature.com\/wp-content\/uploads\/2021\/11\/Cadeau-pour-la-fete-des-peres-personnalisee-gravure-au-laser-300x300.png\" alt=\"F\u00eate des p\u00e8res\" width=\"300\" height=\"300\" \/>\t\t<h2 class=\"woocommerce-loop-category__title\">\n\t\t\tF\u00eate des p\u00e8res <mark class=\"count\">(18)<\/mark>\t\t<\/h2>\n\t\t<\/a><\/li>\n<li class=\"product-category product\">\n\t<a aria-label=\"Acc\u00e9der \u00e0 la cat\u00e9gorie de produits Gravure sur rondin de bois\" href=\"https:\/\/nspsignature.com\/?product_cat=gravure-sur-rondin-de-bois\"><img loading=\"lazy\" decoding=\"async\" src=\"https:\/\/nspsignature.com\/wp-content\/uploads\/2022\/12\/boule-de-noel-en-bois-naturel-personnalisee-300x300.png\" alt=\"Gravure sur rondin de bois\" width=\"300\" height=\"300\" \/>\t\t<h2 class=\"woocommerce-loop-category__title\">\n\t\t\tGravure sur rondin de bois <mark class=\"count\">(1)<\/mark>\t\t<\/h2>\n\t\t<\/a><\/li>\n<li class=\"product-category product last\">\n\t<a aria-label=\"Acc\u00e9der \u00e0 la cat\u00e9gorie de produits Pr\u00eat \u00e0 partir\" href=\"https:\/\/nspsignature.com\/?product_cat=les-prets-a-partir\"><img loading=\"lazy\" decoding=\"async\" src=\"https:\/\/nspsignature.com\/wp-content\/uploads\/2021\/11\/planches-en-bois-personnalisee-pret-a-partir-gravure-au-laser-1-300x300.png\" alt=\"Pr\u00eat \u00e0 partir\" width=\"300\" height=\"300\" \/>\t\t<h2 class=\"woocommerce-loop-category__title\">\n\t\t\tPr\u00eat \u00e0 partir <mark class=\"count\">(5)<\/mark>\t\t<\/h2>\n\t\t<\/a><\/li>\n<li class=\"product-category product first\">\n\t<a aria-label=\"Acc\u00e9der \u00e0 la cat\u00e9gorie de produits Sac \u00e0 bouteille de vin personnalis\u00e9\" href=\"https:\/\/nspsignature.com\/?product_cat=sac-bouteille-de-vin-personnalise\"><img loading=\"lazy\" decoding=\"async\" src=\"https:\/\/nspsignature.com\/wp-content\/uploads\/2022\/11\/sac-a-bouteille-de-vin-personnalise-300x300.png\" alt=\"Sac \u00e0 bouteille de vin personnalis\u00e9\" width=\"300\" height=\"300\" \/>\t\t<h2 class=\"woocommerce-loop-category__title\">\n\t\t\tSac \u00e0 bouteille de vin personnalis\u00e9 <mark class=\"count\">(2)<\/mark>\t\t<\/h2>\n\t\t<\/a><\/li>\n<li class=\"product-category product\">\n\t<a aria-label=\"Acc\u00e9der \u00e0 la cat\u00e9gorie de produits Tasse personnalis\u00e9e\" href=\"https:\/\/nspsignature.com\/?product_cat=tasse-personnalisee\"><img loading=\"lazy\" decoding=\"async\" src=\"https:\/\/nspsignature.com\/wp-content\/uploads\/2022\/11\/tasse-personnalisee-300x300.png\" alt=\"Tasse personnalis\u00e9e\" width=\"300\" height=\"300\" \/>\t\t<h2 class=\"woocommerce-loop-category__title\">\n\t\t\tTasse personnalis\u00e9e <mark class=\"count\">(5)<\/mark>\t\t<\/h2>\n\t\t<\/a><\/li>\n<\/ul>\n<\/div> <!-- [et_pb_line_break_holder] --><!-- [et_pb_line_break_holder] --><!-- [et_pb_line_break_holder] --><\/p>\n<style><!-- [et_pb_line_break_holder] -->  mark {background-color: white}<!-- [et_pb_line_break_holder] --><\/style>\n<p><!-- [et_pb_line_break_holder] -->[\/et_pb_code][\/et_pb_column][\/et_pb_row][\/et_pb_section]<\/p>\n","protected":false},"excerpt":{"rendered":"<p>[et_pb_section fb_built=&raquo;1&Prime; _builder_version=&raquo;4.9.7&Prime; _module_preset=&raquo;default&raquo; background_color=&raquo;#fbf0df&raquo; min_height=&raquo;399.5px&raquo; custom_padding=&raquo;||2px|||&raquo;][et_pb_row _builder_version=&raquo;4.9.7&Prime; _module_preset=&raquo;default&raquo;][et_pb_column type=&raquo;4_4&Prime; _builder_version=&raquo;4.9.7&Prime; _module_preset=&raquo;default&raquo;][et_pb_text _builder_version=&raquo;4.9.7&Prime; _module_preset=&raquo;default&raquo; custom_margin=&raquo;13px|||||&raquo;] Bienvenue sur la boutique en ligne [\/et_pb_text][et_pb_text _builder_version=&raquo;4.9.7&Prime; _module_preset=&raquo;default&raquo; custom_margin=&raquo;-28px|||||&raquo;] Offrez le cadeau personnalis\u00e9 parfait pour un ami, un coll\u00e8gue, un membre de la famille ou simplement se l&rsquo;offrir. Choisir un cadeau personnalis\u00e9 pour un \u00eatre ch\u00e8re, c&rsquo;est comme donner [&hellip;]<\/p>\n","protected":false},"author":3,"featured_media":0,"parent":0,"menu_order":0,"comment_status":"closed","ping_status":"closed","template":"","meta":{"_et_pb_use_builder":"on","_et_pb_old_content":"","_et_gb_content_width":"","om_disable_all_campaigns":false,"_monsterinsights_skip_tracking":false,"_monsterinsights_sitenote_active":false,"_monsterinsights_sitenote_note":"","_monsterinsights_sitenote_category":0,"footnotes":""},"_links":{"self":[{"href":"https:\/\/nspsignature.com\/index.php?rest_route=\/wp\/v2\/pages\/3980"}],"collection":[{"href":"https:\/\/nspsignature.com\/index.php?rest_route=\/wp\/v2\/pages"}],"about":[{"href":"https:\/\/nspsignature.com\/index.php?rest_route=\/wp\/v2\/types\/page"}],"author":[{"embeddable":true,"href":"https:\/\/nspsignature.com\/index.php?rest_route=\/wp\/v2\/users\/3"}],"replies":[{"embeddable":true,"href":"https:\/\/nspsignature.com\/index.php?rest_route=%2Fwp%2Fv2%2Fcomments&post=3980"}],"version-history":[{"count":34,"href":"https:\/\/nspsignature.com\/index.php?rest_route=\/wp\/v2\/pages\/3980\/revisions"}],"predecessor-version":[{"id":4428,"href":"https:\/\/nspsignature.com\/index.php?rest_route=\/wp\/v2\/pages\/3980\/revisions\/4428"}],"wp:attachment":[{"href":"https:\/\/nspsignature.com\/index.php?rest_route=%2Fwp%2Fv2%2Fmedia&parent=3980"}],"curies":[{"name":"wp","href":"https:\/\/api.w.org\/{rel}","templated":true}]}}