{"id":912,"date":"2021-02-19T15:36:11","date_gmt":"2021-02-19T20:36:11","guid":{"rendered":"https:\/\/dev.nspsignature.com\/?page_id=912"},"modified":"2022-11-08T13:23:22","modified_gmt":"2022-11-08T18:23:22","slug":"nos-realisations","status":"publish","type":"page","link":"https:\/\/nspsignature.com\/?page_id=912","title":{"rendered":"Nos r\u00e9alisations"},"content":{"rendered":"<p>[et_pb_section fb_built=&raquo;1&Prime; fullwidth=&raquo;on&raquo; _builder_version=&raquo;4.9.7&Prime; _module_preset=&raquo;default&raquo; background_color=&raquo;#fbf0df&raquo;][et_pb_fullwidth_header title=&raquo;Les r\u00e9alisations de NSP Signature&raquo; subhead=&raquo;Ces produits ont \u00e9t\u00e9 cr\u00e9\u00e9s \u00e0 la demande de nos clients&raquo; _builder_version=&raquo;4.9.7&Prime; _module_preset=&raquo;default&raquo; title_text_align=&raquo;center&raquo; title_text_color=&raquo;#000000&Prime; content_text_align=&raquo;center&raquo; subhead_text_align=&raquo;center&raquo; subhead_text_color=&raquo;#000000&Prime; background_color=&raquo;#fbf0df&raquo; custom_button_one=&raquo;on&raquo; button_one_text_color=&raquo;#000000&Prime; button_one_bg_color=&raquo;#d65729&Prime; custom_padding=&raquo;63px||22px|||&raquo; min_height=&raquo;348px&raquo; inline_fonts=&raquo;Georgia&raquo;]<\/p>\n<h6>\u00a0<\/h6>\n<p>&nbsp;<\/p>\n<p>&nbsp;<\/p>\n<p>&nbsp;<\/p>\n<h6 style=\"text-align: center;\"><span style=\"color: #ffffff; font-family: inherit; font-weight: normal; font-size: medium;\"><a href=\"https:\/\/nspsignature.com\/?page_id=3980\" class=\"small-button smallblack\" target=\"_blank\" rel=\"noopener\" style=\"color: #ffffff;\">Visitez la boutique en ligne<\/a><\/span><\/h6>\n<p>[\/et_pb_fullwidth_header][\/et_pb_section][et_pb_section fb_built=&raquo;1&Prime; _builder_version=&raquo;4.7.7&Prime; _module_preset=&raquo;default&raquo; min_height=&raquo;2584.3px&raquo;][et_pb_row _builder_version=&raquo;4.7.7&Prime; _module_preset=&raquo;default&raquo;][et_pb_column type=&raquo;4_4&Prime; _builder_version=&raquo;4.7.7&Prime; _module_preset=&raquo;default&raquo;][et_pb_gallery gallery_ids=&raquo;3841,3874,3852,3510,3842,3509,3508,3093,3843,3511,3101,3100,3845,2766,1907,1906,3095,1451,3096,1742,1429,3105,3106,1439,1428,3080,727,726,722,3094,1744,1202,721,1867,1438,1201,3084,720,1436,1203,1437,3911,717,716,103,715,714,1205,713,712,3081,711,710,709,1745,3077,1204,3104,1440,582,1200,583,3085,584,2631,3092,585,780,3917,588,705,706,707,708,581,351,210,205,1441,213,134,3090,133,132,131,130,129,115,116,121,122,123,128,113,112,111,110,109,106,105,104,1443,102,90,92,91,93,96,100,101,89,87,1206,1208,1460,1209,1449,1425,1427,1466,1452,1459,1426,1446,1447,1450,1453,1454,1456,1457,1458,1465,3091,3103,3895,3894,3893,3892,3891,3890,3889,3888,3879,3869,3870,3880,3881,3871,3872,3882,3884,3873,3885,3886,3875,3878,3887,3868,3867,3866,3864,3844,3851,3906,3912,3915&Prime; posts_number=&raquo;40&Prime; _builder_version=&raquo;4.9.7&Prime; _module_preset=&raquo;default&raquo; caption_font_size=&raquo;1px&raquo; custom_css_gallery_item_title=&raquo;display:none;&raquo; custom_css_gallery_item_caption=&raquo;display:none;&raquo;][\/et_pb_gallery][\/et_pb_column][\/et_pb_row][\/et_pb_section]<\/p>\n","protected":false},"excerpt":{"rendered":"<p>Planche \u00e0 d\u00e9couper personnalis\u00e9e, affiche r\u00e9sidentielle personnalis\u00e9e, affiche commerciale, camping, chalet. Retrouvez en une seule page la r\u00e9alisation de nos projets personnalis\u00e9s de gravure sur bois r\u00e9alis\u00e9 \u00e0 la demande de nos clients. <\/p>\n","protected":false},"author":2,"featured_media":820,"parent":0,"menu_order":0,"comment_status":"closed","ping_status":"closed","template":"","meta":{"_et_pb_use_builder":"on","_et_pb_old_content":"","_et_gb_content_width":"","om_disable_all_campaigns":false,"_monsterinsights_skip_tracking":false,"_monsterinsights_sitenote_active":false,"_monsterinsights_sitenote_note":"","_monsterinsights_sitenote_category":0,"footnotes":""},"_links":{"self":[{"href":"https:\/\/nspsignature.com\/index.php?rest_route=\/wp\/v2\/pages\/912"}],"collection":[{"href":"https:\/\/nspsignature.com\/index.php?rest_route=\/wp\/v2\/pages"}],"about":[{"href":"https:\/\/nspsignature.com\/index.php?rest_route=\/wp\/v2\/types\/page"}],"author":[{"embeddable":true,"href":"https:\/\/nspsignature.com\/index.php?rest_route=\/wp\/v2\/users\/2"}],"replies":[{"embeddable":true,"href":"https:\/\/nspsignature.com\/index.php?rest_route=%2Fwp%2Fv2%2Fcomments&post=912"}],"version-history":[{"count":41,"href":"https:\/\/nspsignature.com\/index.php?rest_route=\/wp\/v2\/pages\/912\/revisions"}],"predecessor-version":[{"id":4540,"href":"https:\/\/nspsignature.com\/index.php?rest_route=\/wp\/v2\/pages\/912\/revisions\/4540"}],"wp:featuredmedia":[{"embeddable":true,"href":"https:\/\/nspsignature.com\/index.php?rest_route=\/wp\/v2\/media\/820"}],"wp:attachment":[{"href":"https:\/\/nspsignature.com\/index.php?rest_route=%2Fwp%2Fv2%2Fmedia&parent=912"}],"curies":[{"name":"wp","href":"https:\/\/api.w.org\/{rel}","templated":true}]}}