{"id":4057,"date":"2022-08-10T11:43:21","date_gmt":"2022-08-10T15:43:21","guid":{"rendered":"https:\/\/nspsignature.com\/?post_type=product&#038;p=4057"},"modified":"2022-11-05T12:34:59","modified_gmt":"2022-11-05T16:34:59","slug":"decoration-murale-personnalisee-welcome-home","status":"publish","type":"product","link":"https:\/\/nspsignature.com\/?product=decoration-murale-personnalisee-welcome-home","title":{"rendered":"D\u00e9coration murale personnalis\u00e9e &#8211; Welcome home"},"content":{"rendered":"<p>[et_pb_section fb_built=&raquo;1&Prime; _builder_version=&raquo;3.22&Prime; custom_padding=&raquo;0px||||false|false&raquo;][et_pb_row _builder_version=&raquo;3.25&Prime; background_size=&raquo;initial&raquo; background_position=&raquo;top_left&raquo; background_repeat=&raquo;repeat&raquo; width=&raquo;100%&raquo; custom_padding=&raquo;0px||0px||false|false&raquo;][et_pb_column type=&raquo;4_4&Prime; _builder_version=&raquo;3.25&Prime; custom_padding=&raquo;|||&raquo; custom_padding__hover=&raquo;|||&raquo;][et_pb_wc_breadcrumb _builder_version=&raquo;3.0.47&Prime;][\/et_pb_wc_breadcrumb][et_pb_wc_cart_notice _builder_version=&raquo;3.0.47&Prime;][\/et_pb_wc_cart_notice][\/et_pb_column][\/et_pb_row][et_pb_row column_structure=&raquo;1_2,1_2&Prime; _builder_version=&raquo;3.25&Prime; background_size=&raquo;initial&raquo; background_position=&raquo;top_left&raquo; background_repeat=&raquo;repeat&raquo; width=&raquo;100%&raquo; custom_padding=&raquo;0px||||false|false&raquo;][et_pb_column type=&raquo;1_2&Prime; _builder_version=&raquo;3.25&Prime; custom_padding=&raquo;|||&raquo; custom_padding__hover=&raquo;|||&raquo;][et_pb_wc_images _builder_version=&raquo;3.0.47&Prime;][\/et_pb_wc_images][\/et_pb_column][et_pb_column type=&raquo;1_2&Prime; _builder_version=&raquo;3.25&Prime; custom_padding=&raquo;|||&raquo; custom_padding__hover=&raquo;|||&raquo;][et_pb_wc_title _builder_version=&raquo;3.0.47&Prime;][\/et_pb_wc_title][et_pb_wc_rating _builder_version=&raquo;3.0.47&Prime;][\/et_pb_wc_rating][et_pb_wc_price _builder_version=&raquo;3.0.47&Prime;][\/et_pb_wc_price][et_pb_wc_description _builder_version=&raquo;3.0.47&Prime;][\/et_pb_wc_description][et_pb_wc_add_to_cart _builder_version=&raquo;3.0.47&Prime;][\/et_pb_wc_add_to_cart][et_pb_wc_meta _builder_version=&raquo;3.0.47&Prime;][\/et_pb_wc_meta][\/et_pb_column][\/et_pb_row][et_pb_row _builder_version=&raquo;3.25&Prime; background_size=&raquo;initial&raquo; background_position=&raquo;top_left&raquo; background_repeat=&raquo;repeat&raquo; width=&raquo;100%&raquo;][et_pb_column type=&raquo;4_4&Prime; _builder_version=&raquo;3.25&Prime; custom_padding=&raquo;|||&raquo; custom_padding__hover=&raquo;|||&raquo;][et_pb_wc_tabs include_tabs=&raquo;description|&raquo; _builder_version=&raquo;4.7.7&Prime;] [\/et_pb_wc_tabs][et_pb_wc_upsells _builder_version=&raquo;3.0.47&Prime;][\/et_pb_wc_upsells][et_pb_wc_related_products _builder_version=&raquo;3.0.47&Prime;][\/et_pb_wc_related_products][\/et_pb_column][\/et_pb_row][\/et_pb_section]<\/p>\n","protected":false},"excerpt":{"rendered":"<p><span style=\"color: #333300;\"><span style=\"color: #d65729;\"><span style=\"vertical-align: inherit;\"><span style=\"vertical-align: inherit;\">Tous nos prix sont taxes incluses !<\/span><\/span><\/span><\/span><\/p>\n<h6><span style=\"color: #333300;\"><br \/>\n<\/span><span style=\"vertical-align: inherit;\"><span style=\"vertical-align: inherit;\">Ajoutez une touche personnelle \u00e0 votre r\u00e9sidence !<\/span><\/span><\/h6>\n<p><span style=\"vertical-align: inherit;\"><span style=\"vertical-align: inherit;\">Choisissez le format de la planche pour en connaitre le prix !<\/span><\/span><\/p>\n","protected":false},"featured_media":4118,"comment_status":"closed","ping_status":"closed","template":"","meta":{"_et_pb_use_builder":"on","_et_pb_old_content":"<h4 style=\"text-align: center\"><span style=\"vertical-align: inherit\"><span style=\"vertical-align: inherit\">Cette d\u00e9coration murale personnalis\u00e9e<\/span><\/span><\/h4>\r\n<h4 style=\"text-align: center\"><span style=\"vertical-align: inherit\"><span style=\"vertical-align: inherit\">Parfait pour embellir l'int\u00e9rieur de votre demeure !<\/span><\/span><\/h4>\r\n&nbsp;\r\n\r\n<span style=\"vertical-align: inherit\"><span style=\"vertical-align: inherit\">D\u00e9calque vinyle de qualit\u00e9 sup\u00e9rieure, prot\u00e9g\u00e9 contre les rayons UV, ne terne pas \u00e0 la lumi\u00e8re.<\/span><\/span>\r\n\r\n&nbsp;\r\n\r\n<span style=\"vertical-align: inherit\"><span style=\"vertical-align: inherit\">Sur planche ayant eu une couche de primer et deux couches de peinture premium haute qualit\u00e9 ainsi qu'une couche de protection pour un meilleur entretien de nettoyage. <\/span><span style=\"vertical-align: inherit\">Attendre 1 mois avant de nettoyer le cadre.<\/span><\/span>\r\n\r\n<em><strong><span style=\"vertical-align: inherit\"><span style=\"vertical-align: inherit\"><span style=\"vertical-align: inherit\">Nos mat\u00e9riaux sont de qualit\u00e9 sup\u00e9rieure. <\/span><span style=\"vertical-align: inherit\">Bois franc tel que planche en \u00e9rable et merisier russe cat\u00e9gorie BB.<\/span><\/span><\/span><\/strong><\/em>\r\n\r\n<span style=\"vertical-align: inherit\"><span style=\"vertical-align: inherit\"><span style=\"vertical-align: inherit\">Ajoutez vos pr\u00e9noms du couple ou nom de famille, il suffit d'en faire la demande dans le cas pr\u00e9vu \u00e0 cet effet.<\/span><\/span><\/span>\r\n\r\n<span style=\"vertical-align: inherit\"><span style=\"vertical-align: inherit\">La quincaillerie n'est pas fournie ! <\/span><span style=\"vertical-align: inherit\">(vis, boulons, crochets etc.)<\/span><\/span>\r\n\r\n&nbsp;\r\n\r\n<em>Pour un changement d'image et\/ou du texte, des frais s'appliquent.\r\n<\/em><em>Pour une soumission par courriel: <a href=\"mailto:info@nspsignature.com\">info@nspsignature.com<\/a> ou par t\u00e9l\u00e9phone 819-943-6054<\/em>\r\n\r\n&nbsp;\r\n\r\nLIVRAISON: D\u00e9lai de livraison est de 24h-48h\r\n<p class=\"p3\"><span class=\"s2\">Le prix de livraison est tr\u00e8s comp\u00e9titif car nous avons une entente sp\u00e9ciale avec la compagnie de transport qui nous permet de vous faire \u00e9conomiser plus de 35% sur le prix normal.<\/span><\/p>\r\n&nbsp;\r\n\r\n<strong><span style=\"color: #000000\"><a style=\"color: #000000\" href=\"https:\/\/nspsignature.com\/?page_id=2794\">Politique de confidentialit\u00e9 et conditions<\/a><\/span><\/strong>\r\n\r\n[et_pb_section fb_built=\"1\" _builder_version=\"3.22\" custom_padding=\"0px||||false|false\"][et_pb_row _builder_version=\"3.25\" width=\"100%\" custom_padding=\"0px||0px||false|false\"][et_pb_column type=\"4_4\" _builder_version=\"3.25\" custom_padding=\"|||\" custom_padding__hover=\"|||\"][et_pb_wc_breadcrumb _builder_version=\"3.0.47\"][\/et_pb_wc_breadcrumb][et_pb_wc_cart_notice _builder_version=\"3.0.47\"][\/et_pb_wc_cart_notice][\/et_pb_column][\/et_pb_row][et_pb_row column_structure=\"1_2,1_2\" _builder_version=\"3.25\" width=\"100%\" custom_padding=\"0px||||false|false\"][et_pb_column type=\"1_2\" _builder_version=\"3.25\" custom_padding=\"|||\" custom_padding__hover=\"|||\"][et_pb_wc_images _builder_version=\"3.0.47\"][\/et_pb_wc_images][\/et_pb_column][et_pb_column type=\"1_2\" _builder_version=\"3.25\" custom_padding=\"|||\" custom_padding__hover=\"|||\"][et_pb_wc_title _builder_version=\"3.0.47\"][\/et_pb_wc_title][et_pb_wc_rating _builder_version=\"3.0.47\"][\/et_pb_wc_rating][et_pb_wc_price _builder_version=\"3.0.47\"][\/et_pb_wc_price][et_pb_wc_description _builder_version=\"3.0.47\"][\/et_pb_wc_description][et_pb_wc_add_to_cart _builder_version=\"3.0.47\"][\/et_pb_wc_add_to_cart][et_pb_wc_meta _builder_version=\"3.0.47\"][\/et_pb_wc_meta][\/et_pb_column][\/et_pb_row][et_pb_row _builder_version=\"3.25\" width=\"100%\"][et_pb_column type=\"4_4\" _builder_version=\"3.25\" custom_padding=\"|||\" custom_padding__hover=\"|||\"][et_pb_wc_tabs _builder_version=\"3.0.47\"] [\/et_pb_wc_tabs][et_pb_wc_upsells _builder_version=\"3.0.47\"][\/et_pb_wc_upsells][et_pb_wc_related_products _builder_version=\"3.0.47\"][\/et_pb_wc_related_products][\/et_pb_column][\/et_pb_row][\/et_pb_section]","_et_gb_content_width":"","om_disable_all_campaigns":false,"_monsterinsights_skip_tracking":false,"_monsterinsights_sitenote_active":false,"_monsterinsights_sitenote_note":"","_monsterinsights_sitenote_category":0},"product_cat":[57,23],"product_tag":[],"_links":{"self":[{"href":"https:\/\/nspsignature.com\/index.php?rest_route=\/wp\/v2\/product\/4057"}],"collection":[{"href":"https:\/\/nspsignature.com\/index.php?rest_route=\/wp\/v2\/product"}],"about":[{"href":"https:\/\/nspsignature.com\/index.php?rest_route=\/wp\/v2\/types\/product"}],"replies":[{"embeddable":true,"href":"https:\/\/nspsignature.com\/index.php?rest_route=%2Fwp%2Fv2%2Fcomments&post=4057"}],"wp:featuredmedia":[{"embeddable":true,"href":"https:\/\/nspsignature.com\/index.php?rest_route=\/wp\/v2\/media\/4118"}],"wp:attachment":[{"href":"https:\/\/nspsignature.com\/index.php?rest_route=%2Fwp%2Fv2%2Fmedia&parent=4057"}],"wp:term":[{"taxonomy":"product_cat","embeddable":true,"href":"https:\/\/nspsignature.com\/index.php?rest_route=%2Fwp%2Fv2%2Fproduct_cat&post=4057"},{"taxonomy":"product_tag","embeddable":true,"href":"https:\/\/nspsignature.com\/index.php?rest_route=%2Fwp%2Fv2%2Fproduct_tag&post=4057"}],"curies":[{"name":"wp","href":"https:\/\/api.w.org\/{rel}","templated":true}]}}