{"id":4198,"date":"2022-10-19T00:42:55","date_gmt":"2022-10-19T04:42:55","guid":{"rendered":"https:\/\/nspsignature.com\/?post_type=product&#038;p=4198"},"modified":"2022-11-03T18:36:53","modified_gmt":"2022-11-03T22:36:53","slug":"accroche-porte-pour-chambre-denfant-dinosaure","status":"publish","type":"product","link":"https:\/\/nspsignature.com\/?product=accroche-porte-pour-chambre-denfant-dinosaure","title":{"rendered":"Accroche-porte pour chambre d&rsquo;enfant &#8211; Dinosaure"},"content":{"rendered":"<h5 style=\"text-align: center;\"><span style=\"color: #ffffff;\">.<\/span><\/h5>\n<h4 style=\"text-align: center;\"><span style=\"color: #993300;\">Accroche-porte pour la porte de chambre de votre enfant<\/span><\/h4>\n<p>&nbsp;<\/p>\n<p style=\"text-align: left;\">L&rsquo;accroche-porte personnalis\u00e9 avec le pr\u00e9nom de l&rsquo;enfant, est une belle fa\u00e7on pour identifier la chambre des enfants. Choisissez le dessin et \u00e9crivez le pr\u00e9nom de l&rsquo;enfant dans la case pr\u00e9vue \u00e0 cet effet.<\/p>\n<p>Petit panneau que l&rsquo;on accroche sur une poign\u00e9e de porte de chambre de l&rsquo;enfant avec une personnalisation de votre choix. Vous trouverez des mod\u00e8les les plus populaires r\u00e9alis\u00e9s pour vous. Il est toutefois possible d&rsquo;y apporter votre touche personnelle en choisissant un autre dessin de votre choix pour la chambre de votre enfant. il suffit d&rsquo;en faire la demande.<\/p>\n<p style=\"text-align: left;\"><strong>Cadeau parfait<\/strong> \u00e0 offrir pour une nouvelle maman, comme cadeau pour un shower de b\u00e9b\u00e9 ou simplement pour faire plaisir aux parents de l&rsquo;enfant.<\/p>\n<p style=\"text-align: left;\">Nous utilisons toujours des produits de qualit\u00e9 sup\u00e9rieure, fait de bois de grade BB. L&rsquo;accroche-porte est teint et vernis pour augmenter la richesse du bois. En utilisant ce proc\u00e9d\u00e9, celui-ci donne un look chaleureux \u00e0 la fois rustique. Cet accroche-porte est tr\u00e8s appr\u00e9ci\u00e9 et populaire aupr\u00e8s de notre client\u00e8le.<\/p>\n<p>&nbsp;<\/p>\n<h6><span style=\"color: #000000;\"><em><span style=\"vertical-align: inherit;\">Chaque pi\u00e8ce de bois est unique. Les teintes du bois naturel n&rsquo;est jamais identique d&rsquo;une planche \u00e0 l&rsquo;autre, avec une personnalisation, elle devient exceptionnelle.<\/span><\/em><\/span><\/h6>\n<p>&nbsp;<\/p>\n<p><em><strong><span style=\"vertical-align: inherit;\">Format<\/span><\/strong><span style=\"vertical-align: inherit;\"> :<\/span><\/em><br \/>\n<span style=\"vertical-align: inherit;\"> 10 po x 3 po x 1\/4 po pour d&rsquo;\u00e9paisseur.\u00a0<\/span><br \/>\n<span style=\"vertical-align: inherit;\">25 cm x 7.6 cm x 6mm d&rsquo;\u00e9paisseur.\u00a0<\/span><\/p>\n<p><em><span style=\"vertical-align: inherit;\">Pour un changement d&rsquo;image et\/ou du texte, des frais peuvent s&rsquo;appliquer. <\/span><br \/>\n<\/em><em><span style=\"vertical-align: inherit;\">Pour une soumission par courriel : <\/span><a href=\"mailto:info@nspsignature.com\"><span style=\"vertical-align: inherit;\">info@nspsignature.com<\/span><\/a><span style=\"vertical-align: inherit;\"> ou par t\u00e9l\u00e9phone 819-943-6054<\/span><\/em><\/p>\n<p><span style=\"vertical-align: inherit;\"><strong>Livraison :<\/strong> D\u00e9lai de livraison est de 24h-48h apr\u00e8s la production de votre produit.<\/span><\/p>\n<p><span class=\"s2\"><span style=\"vertical-align: inherit;\">Le prix de livraison est tr\u00e8s comp\u00e9titif car nous avons une entente sp\u00e9ciale avec la compagnie de transport qui nous permet de vous faire \u00e9conomiser plus de 35 % sur le prix normal.<\/span><\/span><\/p>\n<p>&nbsp;<\/p>\n<p><strong><span style=\"color: #000000;\"><a style=\"color: #000000;\" href=\"https:\/\/nspsignature.com\/?page_id=2794\"><span style=\"vertical-align: inherit;\">Politique de confidentialit\u00e9 et conditions<\/span><\/a><\/span><\/strong><\/p>\n","protected":false},"excerpt":{"rendered":"<p><span style=\"color: #ffffff;\">.<\/span><br \/>\n<strong><span style=\"color: #d65729;\"><span style=\"vertical-align: inherit;\">Tous nos prix sont taxes incluses !<\/span><\/span><\/strong><\/p>\n<p>Ce qu\u2019on aime par-dessus tout, c\u2019est de donner une touche personnalis\u00e9e \u00e0 la chambre de b\u00e9b\u00e9 et celle de son enfant.<\/p>\n","protected":false},"featured_media":4183,"comment_status":"open","ping_status":"closed","template":"","meta":{"_et_pb_use_builder":"","_et_pb_old_content":"","_et_gb_content_width":"","om_disable_all_campaigns":false,"_monsterinsights_skip_tracking":false,"_monsterinsights_sitenote_active":false,"_monsterinsights_sitenote_note":"","_monsterinsights_sitenote_category":0},"product_cat":[58],"product_tag":[],"_links":{"self":[{"href":"https:\/\/nspsignature.com\/index.php?rest_route=\/wp\/v2\/product\/4198"}],"collection":[{"href":"https:\/\/nspsignature.com\/index.php?rest_route=\/wp\/v2\/product"}],"about":[{"href":"https:\/\/nspsignature.com\/index.php?rest_route=\/wp\/v2\/types\/product"}],"replies":[{"embeddable":true,"href":"https:\/\/nspsignature.com\/index.php?rest_route=%2Fwp%2Fv2%2Fcomments&post=4198"}],"wp:featuredmedia":[{"embeddable":true,"href":"https:\/\/nspsignature.com\/index.php?rest_route=\/wp\/v2\/media\/4183"}],"wp:attachment":[{"href":"https:\/\/nspsignature.com\/index.php?rest_route=%2Fwp%2Fv2%2Fmedia&parent=4198"}],"wp:term":[{"taxonomy":"product_cat","embeddable":true,"href":"https:\/\/nspsignature.com\/index.php?rest_route=%2Fwp%2Fv2%2Fproduct_cat&post=4198"},{"taxonomy":"product_tag","embeddable":true,"href":"https:\/\/nspsignature.com\/index.php?rest_route=%2Fwp%2Fv2%2Fproduct_tag&post=4198"}],"curies":[{"name":"wp","href":"https:\/\/api.w.org\/{rel}","templated":true}]}}