{"id":4219,"date":"2022-10-19T00:48:38","date_gmt":"2022-10-19T04:48:38","guid":{"rendered":"https:\/\/nspsignature.com\/?post_type=product&#038;p=4219"},"modified":"2026-04-13T18:45:58","modified_gmt":"2026-04-13T22:45:58","slug":"accroche-porte-pour-chambre-denfant-fee","status":"publish","type":"product","link":"https:\/\/nspsignature.com\/?product=accroche-porte-pour-chambre-denfant-fee","title":{"rendered":"Accroche-porte pour chambre d&rsquo;enfant &#8211; F\u00e9e"},"content":{"rendered":"<p>[et_pb_section fb_built=&raquo;1&Prime; _builder_version=&raquo;3.22&Prime; custom_padding=&raquo;0px||||false|false&raquo;][et_pb_row _builder_version=&raquo;3.25&Prime; background_size=&raquo;initial&raquo; background_position=&raquo;top_left&raquo; background_repeat=&raquo;repeat&raquo; width=&raquo;100%&raquo; custom_padding=&raquo;0px||0px||false|false&raquo;][et_pb_column type=&raquo;4_4&Prime; _builder_version=&raquo;3.25&Prime; custom_padding=&raquo;|||&raquo; custom_padding__hover=&raquo;|||&raquo;][et_pb_wc_breadcrumb _builder_version=&raquo;3.0.47&Prime;][\/et_pb_wc_breadcrumb][et_pb_wc_cart_notice _builder_version=&raquo;3.0.47&Prime;][\/et_pb_wc_cart_notice][\/et_pb_column][\/et_pb_row][et_pb_row column_structure=&raquo;1_2,1_2&Prime; _builder_version=&raquo;3.25&Prime; background_size=&raquo;initial&raquo; background_position=&raquo;top_left&raquo; background_repeat=&raquo;repeat&raquo; width=&raquo;100%&raquo; custom_padding=&raquo;0px||||false|false&raquo;][et_pb_column type=&raquo;1_2&Prime; _builder_version=&raquo;3.25&Prime; custom_padding=&raquo;|||&raquo; custom_padding__hover=&raquo;|||&raquo;][et_pb_wc_images _builder_version=&raquo;3.0.47&Prime;][\/et_pb_wc_images][\/et_pb_column][et_pb_column type=&raquo;1_2&Prime; _builder_version=&raquo;3.25&Prime; custom_padding=&raquo;|||&raquo; custom_padding__hover=&raquo;|||&raquo;][et_pb_wc_title _builder_version=&raquo;3.0.47&Prime;][\/et_pb_wc_title][et_pb_wc_rating _builder_version=&raquo;3.0.47&Prime;][\/et_pb_wc_rating][et_pb_wc_price _builder_version=&raquo;3.0.47&Prime;][\/et_pb_wc_price][et_pb_wc_description _builder_version=&raquo;3.0.47&Prime;][\/et_pb_wc_description][et_pb_wc_add_to_cart _builder_version=&raquo;3.0.47&Prime;][\/et_pb_wc_add_to_cart][et_pb_wc_meta _builder_version=&raquo;3.0.47&Prime;][\/et_pb_wc_meta][\/et_pb_column][\/et_pb_row][et_pb_row _builder_version=&raquo;3.25&Prime; background_size=&raquo;initial&raquo; background_position=&raquo;top_left&raquo; background_repeat=&raquo;repeat&raquo; width=&raquo;100%&raquo;][et_pb_column type=&raquo;4_4&Prime; _builder_version=&raquo;3.25&Prime; custom_padding=&raquo;|||&raquo; custom_padding__hover=&raquo;|||&raquo;][et_pb_wc_tabs _builder_version=&raquo;3.0.47&Prime;]\t\t\t\t\t[\/et_pb_wc_tabs][et_pb_wc_upsells _builder_version=&raquo;3.0.47&Prime;][\/et_pb_wc_upsells][et_pb_wc_related_products _builder_version=&raquo;3.0.47&Prime;][\/et_pb_wc_related_products][\/et_pb_column][\/et_pb_row][\/et_pb_section]<\/p>\n","protected":false},"excerpt":{"rendered":"<p><strong><span style=\"color: #d65729;\"><span style=\"vertical-align: inherit;\"><span style=\"color: #ffffff;\"><span style=\"vertical-align: inherit;\"><span style=\"vertical-align: inherit;\">. <\/span><\/span><\/span><br \/>\n<span style=\"vertical-align: inherit;\"><span style=\"vertical-align: inherit;\">Tous nos prix sont taxes incluses !<\/span><\/span><\/span><\/span><\/strong><\/p>\n<p><span style=\"vertical-align: inherit;\"><span style=\"vertical-align: inherit;\">Ce qu&rsquo;on aime par-dessus tout, c&rsquo;est de donner une touche personnalis\u00e9e \u00e0 la chambre de b\u00e9b\u00e9 et celle de son enfant.<\/span><\/span><\/p>\n<p>&nbsp;<\/p>\n<p>&nbsp;<\/p>\n<p>&nbsp;<\/p>\n","protected":false},"featured_media":4184,"comment_status":"open","ping_status":"closed","template":"","meta":{"_et_pb_use_builder":"on","_et_pb_old_content":"<h5 style=\"text-align: center\"><span style=\"color: #ffffff\">.<\/span><\/h5>\r\n<h4 style=\"text-align: center\"><span style=\"color: #993300\">Accroche-porte pour la porte de chambre de votre enfant<\/span><\/h4>\r\n<p style=\"text-align: left\">L'accroche-porte personnalis\u00e9 avec le pr\u00e9nom de l'enfant, est une belle fa\u00e7on pour identifier la chambre des enfants. Choisissez le dessin et \u00e9crivez le pr\u00e9nom de l'enfant dans la case pr\u00e9vue \u00e0 cet effet.<\/p>\r\nPetit panneau que l'on accroche sur une poign\u00e9e de porte de chambre de l'enfant avec une personnalisation de votre choix. Vous trouverez des mod\u00e8les les plus populaires r\u00e9alis\u00e9s pour vous. Il est toutefois possible d'y apporter votre touche personnelle en choisissant un autre dessin de votre choix pour la chambre de votre enfant. il suffit d'en faire la demande.\r\n<p style=\"text-align: left\"><strong>Cadeau parfait<\/strong> \u00e0 offrir pour une nouvelle maman, comme cadeau pour un shower de b\u00e9b\u00e9 ou simplement pour faire plaisir aux parents de l'enfant.<\/p>\r\n<p style=\"text-align: left\">Nous utilisons toujours des produits de qualit\u00e9 sup\u00e9rieure, fait de bois de grade BB. L'accroche-porte est teint et vernis pour augmenter la richesse du bois. En utilisant ce proc\u00e9d\u00e9, celui-ci donne un look chaleureux \u00e0 la fois rustique. Cet accroche-porte est tr\u00e8s appr\u00e9ci\u00e9 et populaire aupr\u00e8s de notre client\u00e8le.<\/p>\r\n\r\n<h6><span style=\"color: #000000\"><em><span style=\"vertical-align: inherit\">Chaque pi\u00e8ce de bois est unique. Les teintes du bois naturel n'est jamais identique d'une planche \u00e0 l'autre, avec une personnalisation, elle devient exceptionnelle.<\/span><\/em><\/span><\/h6>\r\n<em><strong><span style=\"vertical-align: inherit\">Format<\/span><\/strong><span style=\"vertical-align: inherit\"> :<\/span><\/em>\r\n<span style=\"vertical-align: inherit\"> 10 po x 3 po x 1\/4 po pour d'\u00e9paisseur.\u00a0<\/span>\r\n<span style=\"vertical-align: inherit\">25 cm x 7.6 cm x 6mm d'\u00e9paisseur.\u00a0<\/span>\r\n\r\n<em><span style=\"vertical-align: inherit\">Pour un changement d'image et\/ou du texte, des frais peuvent s'appliquer. <\/span>\r\n<\/em><em><span style=\"vertical-align: inherit\">Pour une soumission par courriel : <\/span><a href=\"mailto:info@nspsignature.com\"><span style=\"vertical-align: inherit\">info@nspsignature.com<\/span><\/a><span style=\"vertical-align: inherit\"> ou par t\u00e9l\u00e9phone 819-943-6054<\/span><\/em>\r\n\r\n<span style=\"vertical-align: inherit\"><strong>Livraison :<\/strong> D\u00e9lai de livraison est de 24h-48h apr\u00e8s la production de votre produit.<\/span>\r\n\r\n<span class=\"s2\"><span style=\"vertical-align: inherit\">Le prix de livraison est tr\u00e8s comp\u00e9titif car nous avons une entente sp\u00e9ciale avec la compagnie de transport qui nous permet de vous faire \u00e9conomiser plus de 35 % sur le prix normal.<\/span><\/span>\r\n\r\n<strong><span style=\"color: #000000\"><a style=\"color: #000000\" href=\"https:\/\/nspsignature.com\/?page_id=2794\"><span style=\"vertical-align: inherit\">Politique de confidentialit\u00e9 et conditions<\/span><\/a><\/span><\/strong>","_et_gb_content_width":"","om_disable_all_campaigns":false,"_monsterinsights_skip_tracking":false,"_monsterinsights_sitenote_active":false,"_monsterinsights_sitenote_note":"","_monsterinsights_sitenote_category":0},"product_cat":[58],"product_tag":[],"_links":{"self":[{"href":"https:\/\/nspsignature.com\/index.php?rest_route=\/wp\/v2\/product\/4219"}],"collection":[{"href":"https:\/\/nspsignature.com\/index.php?rest_route=\/wp\/v2\/product"}],"about":[{"href":"https:\/\/nspsignature.com\/index.php?rest_route=\/wp\/v2\/types\/product"}],"replies":[{"embeddable":true,"href":"https:\/\/nspsignature.com\/index.php?rest_route=%2Fwp%2Fv2%2Fcomments&post=4219"}],"wp:featuredmedia":[{"embeddable":true,"href":"https:\/\/nspsignature.com\/index.php?rest_route=\/wp\/v2\/media\/4184"}],"wp:attachment":[{"href":"https:\/\/nspsignature.com\/index.php?rest_route=%2Fwp%2Fv2%2Fmedia&parent=4219"}],"wp:term":[{"taxonomy":"product_cat","embeddable":true,"href":"https:\/\/nspsignature.com\/index.php?rest_route=%2Fwp%2Fv2%2Fproduct_cat&post=4219"},{"taxonomy":"product_tag","embeddable":true,"href":"https:\/\/nspsignature.com\/index.php?rest_route=%2Fwp%2Fv2%2Fproduct_tag&post=4219"}],"curies":[{"name":"wp","href":"https:\/\/api.w.org\/{rel}","templated":true}]}}