{"id":4589,"date":"2022-11-28T14:48:58","date_gmt":"2022-11-28T19:48:58","guid":{"rendered":"https:\/\/nspsignature.com\/?post_type=product&#038;p=4589"},"modified":"2023-01-03T15:05:38","modified_gmt":"2023-01-03T20:05:38","slug":"tasse-personnalisee-citation-me-sarcasticnah","status":"publish","type":"product","link":"https:\/\/nspsignature.com\/?product=tasse-personnalisee-citation-me-sarcasticnah","title":{"rendered":"Tasse personnalis\u00e9e 15 oz &#8211; Me? Sarcastic? Nah"},"content":{"rendered":"<p>[et_pb_section fb_built=&raquo;1&Prime; _builder_version=&raquo;3.22&Prime; custom_padding=&raquo;0px||||false|false&raquo;][et_pb_row _builder_version=&raquo;3.25&Prime; background_size=&raquo;initial&raquo; background_position=&raquo;top_left&raquo; background_repeat=&raquo;repeat&raquo; width=&raquo;100%&raquo; custom_padding=&raquo;0px||0px||false|false&raquo;][et_pb_column type=&raquo;4_4&Prime; _builder_version=&raquo;3.25&Prime; custom_padding=&raquo;|||&raquo; custom_padding__hover=&raquo;|||&raquo;][et_pb_wc_breadcrumb _builder_version=&raquo;3.0.47&Prime;][\/et_pb_wc_breadcrumb][et_pb_wc_cart_notice _builder_version=&raquo;3.0.47&Prime;][\/et_pb_wc_cart_notice][\/et_pb_column][\/et_pb_row][et_pb_row column_structure=&raquo;1_2,1_2&Prime; _builder_version=&raquo;3.25&Prime; background_size=&raquo;initial&raquo; background_position=&raquo;top_left&raquo; background_repeat=&raquo;repeat&raquo; width=&raquo;100%&raquo; custom_padding=&raquo;0px||||false|false&raquo;][et_pb_column type=&raquo;1_2&Prime; _builder_version=&raquo;3.25&Prime; custom_padding=&raquo;|||&raquo; custom_padding__hover=&raquo;|||&raquo;][et_pb_wc_images _builder_version=&raquo;3.0.47&Prime;][\/et_pb_wc_images][\/et_pb_column][et_pb_column type=&raquo;1_2&Prime; _builder_version=&raquo;3.25&Prime; custom_padding=&raquo;|||&raquo; custom_padding__hover=&raquo;|||&raquo;][et_pb_wc_title product=&raquo;4589&Prime; _builder_version=&raquo;4.9.7&Prime;][\/et_pb_wc_title][et_pb_wc_rating _builder_version=&raquo;3.0.47&Prime;][\/et_pb_wc_rating][et_pb_wc_price _builder_version=&raquo;3.0.47&Prime;][\/et_pb_wc_price][et_pb_wc_description _builder_version=&raquo;3.0.47&Prime;][\/et_pb_wc_description][et_pb_wc_add_to_cart _builder_version=&raquo;3.0.47&Prime;][\/et_pb_wc_add_to_cart][et_pb_wc_meta _builder_version=&raquo;3.0.47&Prime;][\/et_pb_wc_meta][\/et_pb_column][\/et_pb_row][et_pb_row _builder_version=&raquo;3.25&Prime; background_size=&raquo;initial&raquo; background_position=&raquo;top_left&raquo; background_repeat=&raquo;repeat&raquo; width=&raquo;100%&raquo;][et_pb_column type=&raquo;4_4&Prime; _builder_version=&raquo;3.25&Prime; custom_padding=&raquo;|||&raquo; custom_padding__hover=&raquo;|||&raquo;][et_pb_wc_tabs _builder_version=&raquo;3.0.47&Prime;] [\/et_pb_wc_tabs][et_pb_wc_upsells _builder_version=&raquo;3.0.47&Prime;][\/et_pb_wc_upsells][et_pb_wc_related_products _builder_version=&raquo;3.0.47&Prime;][\/et_pb_wc_related_products][\/et_pb_column][\/et_pb_row][\/et_pb_section]<\/p>\n","protected":false},"excerpt":{"rendered":"<p>&nbsp;<\/p>\n<h6><a href=\"mailto:info@nspsignature.com\">Pour une demande sp\u00e9ciale <\/a><span style=\"color: #3366ff;\"><em><a style=\"color: #3366ff;\" href=\"mailto:info@nspsignature.com\">: info@nspsignature.com<\/a><\/em><\/span><\/h6>\n","protected":false},"featured_media":4593,"comment_status":"closed","ping_status":"closed","template":"","meta":{"_et_pb_use_builder":"on","_et_pb_old_content":"<h4 style=\"text-align: center\"><strong>Tasse humoristique avec une citation pour les sarcastique !\r\n<\/strong><\/h4>\r\n\r\n<hr \/>\r\n<p style=\"text-align: left\">Cadeau parfait pour un ami, un coll\u00e8gue ou un membre de sa famille. Une tasse d'humour est un cadeau unique mais surtout parfait pour la personne qu'on aime.<\/p>\r\n&nbsp;\r\n\r\nNous utilisons que des produits de qualit\u00e9 sup\u00e9rieur et est durable et r\u00e9sistant.\r\n\r\n<strong>Va au lave-vaisselle x 1,000 !<\/strong>\r\n\r\nQui ne se sert pas d'une tasse dans la vie quotidienne. Le cadeau id\u00e9al pour maman, papa, un ami, un coll\u00e8gue ou un cadeau \u00e0 s'offrir.\r\nOn est l\u00e0 pour r\u00e9aliser une tasse \u00e0 ton image !\r\n\r\n&nbsp;\r\n\r\nTASSE 15 oz - 425ml\r\n\r\n&nbsp;\r\n\r\nPour un montage personnalis\u00e9 autre que cette image, des frais peuvent s'appliquer.\r\n<em>Pour une soumission par courriel:<span style=\"color: #0000ff\"> <a style=\"color: #0000ff\" href=\"mailto:info@nspsignature.com\">info@nspsignature.com<\/a><\/span> ou par t\u00e9l\u00e9phone 819-943-6054.<\/em>\r\n\r\n&nbsp;\r\n\r\n<strong>Temps de fabrication:\r\n<\/strong>D\u00e9lai de fabrication est de 3-7 jours apr\u00e8s votre approbation\r\n\r\n&nbsp;\r\n\r\n<strong>Livraison:<\/strong>\r\nD\u00e9lai de livraison pour recevoir votre colis est de 24h-48h, apr\u00e8s la fabrication de votre gravure sur votre tasse personnalis\u00e9e.\r\n\r\n&nbsp;\r\n<h5><a href=\"https:\/\/nspsignature.com\/?page_id=2794\">Politique de confidentialit\u00e9 et conditions<\/a><\/h5>","_et_gb_content_width":"","om_disable_all_campaigns":false,"_monsterinsights_skip_tracking":false,"_monsterinsights_sitenote_active":false,"_monsterinsights_sitenote_note":"","_monsterinsights_sitenote_category":0},"product_cat":[52,46,45,27],"product_tag":[],"_links":{"self":[{"href":"https:\/\/nspsignature.com\/index.php?rest_route=\/wp\/v2\/product\/4589"}],"collection":[{"href":"https:\/\/nspsignature.com\/index.php?rest_route=\/wp\/v2\/product"}],"about":[{"href":"https:\/\/nspsignature.com\/index.php?rest_route=\/wp\/v2\/types\/product"}],"replies":[{"embeddable":true,"href":"https:\/\/nspsignature.com\/index.php?rest_route=%2Fwp%2Fv2%2Fcomments&post=4589"}],"wp:featuredmedia":[{"embeddable":true,"href":"https:\/\/nspsignature.com\/index.php?rest_route=\/wp\/v2\/media\/4593"}],"wp:attachment":[{"href":"https:\/\/nspsignature.com\/index.php?rest_route=%2Fwp%2Fv2%2Fmedia&parent=4589"}],"wp:term":[{"taxonomy":"product_cat","embeddable":true,"href":"https:\/\/nspsignature.com\/index.php?rest_route=%2Fwp%2Fv2%2Fproduct_cat&post=4589"},{"taxonomy":"product_tag","embeddable":true,"href":"https:\/\/nspsignature.com\/index.php?rest_route=%2Fwp%2Fv2%2Fproduct_tag&post=4589"}],"curies":[{"name":"wp","href":"https:\/\/api.w.org\/{rel}","templated":true}]}}