{"id":4602,"date":"2022-11-30T15:26:36","date_gmt":"2022-11-30T20:26:36","guid":{"rendered":"https:\/\/nspsignature.com\/?post_type=product&#038;p=4602"},"modified":"2026-04-13T17:14:00","modified_gmt":"2026-04-13T21:14:00","slug":"sac-a-bouteille-de-vin-personnalise","status":"publish","type":"product","link":"https:\/\/nspsignature.com\/?product=sac-a-bouteille-de-vin-personnalise","title":{"rendered":"Sac \u00e0 bouteille de vin personnalis\u00e9"},"content":{"rendered":"<h4 style=\"text-align: center;\"><span style=\"color: #333333;\">Personnalisez votre sac \u00e0 bouteille de vin<\/span><\/h4>\n<p><span style=\"color: #333333;\">Ce sac \u00e0 bouteille de vin personnalisable est fabriqu\u00e9 \u00e0 partir de coton biologique. \u00c0 offrir avec une bouteille de vin, d&rsquo;un mousseux ou de champagne. Qu&rsquo;il soit d&rsquo;un producteur bien connu, bio ou \u00e9quitable.<\/span><\/p>\n<p><span style=\"color: #333333;\">Personnalisez votre sac pour bouteille de vin avec une image et le message que vous souhaitez pour offrir \u00e0 l&rsquo;h\u00f4te ou l&rsquo;h\u00f4tesse de la maison. <\/span><\/p>\n<p><span style=\"color: #333333;\">Cadeau personnalis\u00e9 parfait \u00e0 offrir pour toutes les occasions.\u00a0<\/span><\/p>\n<p>&nbsp;<\/p>\n<p><em>Pour une soumission par courriel: <a href=\"mailto:info@nspsignature.com\">info@nspsignature.com<\/a>\u00a0ou par t\u00e9l\u00e9phone 819-943-6054.<\/em><\/p>\n<p>&nbsp;<\/p>\n<p><strong>Temps de fabrication:<br \/>\n<\/strong>D\u00e9lai de fabrication est de 3-7 jours<\/p>\n<p>&nbsp;<\/p>\n<p><strong>Livraison:<\/strong><br \/>\nD\u00e9lai de livraison pour recevoir votre colis est de 24h-48h, apr\u00e8s la fabrication de votre produit.<\/p>\n<p>&nbsp;<\/p>\n<h5><a href=\"https:\/\/nspsignature.com\/?page_id=2794\">Politique de confidentialit\u00e9 et conditions<\/a><\/h5>\n","protected":false},"excerpt":{"rendered":"<p><span style=\"color: #993300;\"><span style=\"color: #ffffff;\">.<\/span><strong><br \/>\nTous les prix sont taxes incluses<\/strong><\/span><\/p>\n<p><span style=\"color: #000000;\">\u00c9crivez dans la case, ce que vous voulez \u00e9crire sur votre sac.<br \/>\nOn s&rsquo;occupe du reste.<\/span><\/p>\n","protected":false},"featured_media":4604,"comment_status":"open","ping_status":"closed","template":"","meta":{"_et_pb_use_builder":"","_et_pb_old_content":"","_et_gb_content_width":"","om_disable_all_campaigns":false,"_monsterinsights_skip_tracking":false,"_monsterinsights_sitenote_active":false,"_monsterinsights_sitenote_note":"","_monsterinsights_sitenote_category":0},"product_cat":[56,46,45,27,44],"product_tag":[],"_links":{"self":[{"href":"https:\/\/nspsignature.com\/index.php?rest_route=\/wp\/v2\/product\/4602"}],"collection":[{"href":"https:\/\/nspsignature.com\/index.php?rest_route=\/wp\/v2\/product"}],"about":[{"href":"https:\/\/nspsignature.com\/index.php?rest_route=\/wp\/v2\/types\/product"}],"replies":[{"embeddable":true,"href":"https:\/\/nspsignature.com\/index.php?rest_route=%2Fwp%2Fv2%2Fcomments&post=4602"}],"wp:featuredmedia":[{"embeddable":true,"href":"https:\/\/nspsignature.com\/index.php?rest_route=\/wp\/v2\/media\/4604"}],"wp:attachment":[{"href":"https:\/\/nspsignature.com\/index.php?rest_route=%2Fwp%2Fv2%2Fmedia&parent=4602"}],"wp:term":[{"taxonomy":"product_cat","embeddable":true,"href":"https:\/\/nspsignature.com\/index.php?rest_route=%2Fwp%2Fv2%2Fproduct_cat&post=4602"},{"taxonomy":"product_tag","embeddable":true,"href":"https:\/\/nspsignature.com\/index.php?rest_route=%2Fwp%2Fv2%2Fproduct_tag&post=4602"}],"curies":[{"name":"wp","href":"https:\/\/api.w.org\/{rel}","templated":true}]}}