{"id":4653,"date":"2022-12-01T13:40:45","date_gmt":"2022-12-01T18:40:45","guid":{"rendered":"https:\/\/nspsignature.com\/?post_type=product&#038;p=4653"},"modified":"2022-12-28T22:37:24","modified_gmt":"2022-12-29T03:37:24","slug":"cache-couche-personnalise-roche-papier-ciseaux","status":"publish","type":"product","link":"https:\/\/nspsignature.com\/?product=cache-couche-personnalise-roche-papier-ciseaux","title":{"rendered":"Cache-couche personnalis\u00e9 &#8211; Roche papier ciseaux"},"content":{"rendered":"<h3><\/h3>\n<h3 style=\"text-align: center;\">Personnalisez votre cache-couche<br \/>\nGrossesse, marraine, grand-parent, maman, papa.<\/h3>\n<p>&nbsp;<\/p>\n<p>Cache-couche mignon parfait pour b\u00e9b\u00e9 fille ou b\u00e9b\u00e9 gar\u00e7on.<\/p>\n<p>Vous pouvez le personnaliser avec son pr\u00e9nom en haut sur le cache-couche de b\u00e9b\u00e9 avec cette citation mignonne \u00e0 la fois pleine d&rsquo;humour qui fait r\u00e9f\u00e9rence \u00e0 ses petites jambes qui kick partout quand c&rsquo;est le temps de changer la couche de b\u00e9b\u00e9.<\/p>\n<p>Nous sommes l\u00e0 pour r\u00e9aliser un cache-couche \u00e0 votre go\u00fbt. Le smart vinyle que nous utilisons et le transfert d&rsquo;encre sont de qualit\u00e9 sup\u00e9rieure. Nos produits utilis\u00e9s sont ind\u00e9collables, anti-\u00e9cailles, r\u00e9sistent au lavage, gardent leur beaut\u00e9.<\/p>\n<p id=\"tw-target-text\" class=\"tw-data-text tw-text-large tw-ta\" dir=\"ltr\" data-placeholder=\"Traduction\"><span class=\"Y2IQFc\" lang=\"fr\"><strong>Conseils d&rsquo;entretien:<br \/>\n<\/strong><\/span><span class=\"Y2IQFc\" lang=\"fr\">Lavage en eau froide. Ne pas javelliser. S\u00e9cher \u00e0 basse temp\u00e9rature ou suspendre. Ne pas nettoyer \u00e0 sec.<br \/>\n<em>La qualit\u00e9 du produit demeure suite \u00e0 un entretien tel que mentionn\u00e9 ci-haut.\u00a0<\/em><\/span><\/p>\n<p><strong>Demandez une soumission :<\/strong><em><br \/>\nPar courriel:\u00a0<a href=\"mailto:info@nspsignature.com\">info@nspsignature.com<\/a>\u00a0ou par t\u00e9l\u00e9phone ou texto 819-943-6054.<br \/>\n<\/em>Nous sommes heureux de r\u00e9pondre \u00e0 toutes vos questions sur le produit.<\/p>\n<p><img loading=\"lazy\" decoding=\"async\" class=\"wp-image-4660 \" src=\"https:\/\/nspsignature.com\/wp-content\/uploads\/2022\/12\/mesure-pour-cache-couche-bebe-personnalise-1.jpg\" alt=\"cache couche personnalis\u00e9\" width=\"837\" height=\"604\" \/><\/p>\n<p><strong>Temps de fabrication:<br \/>\n<\/strong>D\u00e9lai de fabrication est de 3-7 jours<\/p>\n<p>&nbsp;<\/p>\n<p><strong>Livraison:<\/strong><br \/>\nD\u00e9lai de livraison pour recevoir votre colis est de 24h-48h, apr\u00e8s la fabrication de votre produit.<\/p>\n<p><strong><em><br \/>\n<a href=\"https:\/\/nspsignature.com\/?page_id=3980\">Retour \u00e0 la boutique cliquez ici<\/a><\/em><\/strong><\/p>\n<p>&nbsp;<\/p>\n<p><strong><a href=\"https:\/\/nspsignature.com\/?page_id=2794\">Politique de confidentialit\u00e9 et conditions<\/a><\/strong><\/p>\n","protected":false},"excerpt":{"rendered":"<p><span style=\"color: #ffffff;\">.<\/span><br \/>\n<span style=\"color: #993300;\"><strong>Tous nos prix sont taxes incluses !<\/strong><\/span><\/p>\n<p>Disponible en noir standard ou noir paillette<br \/>\nVeuillez l&rsquo;indiquer dans le commentaire<\/p>\n","protected":false},"featured_media":4661,"comment_status":"open","ping_status":"closed","template":"","meta":{"_et_pb_use_builder":"","_et_pb_old_content":"","_et_gb_content_width":"","om_disable_all_campaigns":false,"_monsterinsights_skip_tracking":false,"_monsterinsights_sitenote_active":false,"_monsterinsights_sitenote_note":"","_monsterinsights_sitenote_category":0},"product_cat":[53,16],"product_tag":[],"_links":{"self":[{"href":"https:\/\/nspsignature.com\/index.php?rest_route=\/wp\/v2\/product\/4653"}],"collection":[{"href":"https:\/\/nspsignature.com\/index.php?rest_route=\/wp\/v2\/product"}],"about":[{"href":"https:\/\/nspsignature.com\/index.php?rest_route=\/wp\/v2\/types\/product"}],"replies":[{"embeddable":true,"href":"https:\/\/nspsignature.com\/index.php?rest_route=%2Fwp%2Fv2%2Fcomments&post=4653"}],"wp:featuredmedia":[{"embeddable":true,"href":"https:\/\/nspsignature.com\/index.php?rest_route=\/wp\/v2\/media\/4661"}],"wp:attachment":[{"href":"https:\/\/nspsignature.com\/index.php?rest_route=%2Fwp%2Fv2%2Fmedia&parent=4653"}],"wp:term":[{"taxonomy":"product_cat","embeddable":true,"href":"https:\/\/nspsignature.com\/index.php?rest_route=%2Fwp%2Fv2%2Fproduct_cat&post=4653"},{"taxonomy":"product_tag","embeddable":true,"href":"https:\/\/nspsignature.com\/index.php?rest_route=%2Fwp%2Fv2%2Fproduct_tag&post=4653"}],"curies":[{"name":"wp","href":"https:\/\/api.w.org\/{rel}","templated":true}]}}