{"id":4668,"date":"2022-12-02T14:29:33","date_gmt":"2022-12-02T19:29:33","guid":{"rendered":"https:\/\/nspsignature.com\/?post_type=product&#038;p=4668"},"modified":"2022-12-28T22:14:04","modified_gmt":"2022-12-29T03:14:04","slug":"verre-a-gin-gravure-au-laser-330ml","status":"publish","type":"product","link":"https:\/\/nspsignature.com\/?product=verre-a-gin-gravure-au-laser-330ml","title":{"rendered":"Verre \u00e0 Gin &#8211; Gravure au laser 330ml"},"content":{"rendered":"<h3><\/h3>\n<h3><\/h3>\n<h3 style=\"text-align: center;\">Faites plaisir \u00e0 un amateur de Gin !<br \/>\nUn beau verre de gin personnalis\u00e9.<\/h3>\n<p>&nbsp;<\/p>\n<p>Cadeau parfait pour un ami, un coll\u00e8gue ou un membre de la famille. Le verre de gin personnalis\u00e9 est un cadeau parfait pour la personne qu&rsquo;on aime.<\/p>\n<p>Opter pour une gravure au laser sur un verre \u00e0 gin : La gravure par laser est l\u00e0 pour rester pour toujours. Meilleure qualit\u00e9, reste belle et durable plus longtemps! (contrairement \u00e0 une inscription en vinyle ou peint en acrylique).<\/p>\n<p><strong>Va au lave-vaisselle !<\/strong><\/p>\n<p>Que ce soit pour offrir en cadeau, avoir un cadeau personnalis\u00e9 pour vos soir\u00e9es entre amis, \u00e0 la maison ou pour un \u00e9v\u00e8nement corporatif ! On est l\u00e0 pour r\u00e9aliser le verre de gin personnalis\u00e9 \u00e0 votre image !<\/p>\n<p>Pour un montage personnalis\u00e9. Maximum 50 caract\u00e8res incluant les espaces.<\/p>\n<p><em>Pour une information :<br \/>\nPar courriel: <a href=\"mailto:info@nspsignature.com\">info@nspsignature.com<\/a><br \/>\n<\/em><em>Par t\u00e9l\u00e9phone 819-943-6054.<\/em><\/p>\n<p>&nbsp;<\/p>\n<p><strong>Temps de fabrication:<br \/>\n<\/strong>D\u00e9lai de fabrication est de 3-7 jours apr\u00e8s votre approbation<\/p>\n<p>&nbsp;<\/p>\n<p><strong>Livraison:<\/strong><br \/>\nD\u00e9lai de livraison pour recevoir votre colis est de 24h-48h, apr\u00e8s la fabrication de votre gravure sur verre de gin.<\/p>\n<p>&nbsp;<\/p>\n<h5><a href=\"https:\/\/nspsignature.com\/?page_id=2794\">Politique de confidentialit\u00e9 et conditions<\/a><\/h5>\n","protected":false},"excerpt":{"rendered":"<p><span style=\"color: #993300;\"><strong><span style=\"color: #ffffff;\">.<\/span><br \/>\n<\/strong><\/span><span style=\"color: #993300;\"><strong>Tous les prix sont taxes incluses<\/strong><\/span><\/p>\n<p>Faites graver le message ou pr\u00e9nom de votre choix.<\/p>\n<p>&nbsp;<\/p>\n","protected":false},"featured_media":4669,"comment_status":"open","ping_status":"closed","template":"","meta":{"_et_pb_use_builder":"","_et_pb_old_content":"","_et_gb_content_width":"","om_disable_all_campaigns":false,"_monsterinsights_skip_tracking":false,"_monsterinsights_sitenote_active":false,"_monsterinsights_sitenote_note":"","_monsterinsights_sitenote_category":0},"product_cat":[42],"product_tag":[],"_links":{"self":[{"href":"https:\/\/nspsignature.com\/index.php?rest_route=\/wp\/v2\/product\/4668"}],"collection":[{"href":"https:\/\/nspsignature.com\/index.php?rest_route=\/wp\/v2\/product"}],"about":[{"href":"https:\/\/nspsignature.com\/index.php?rest_route=\/wp\/v2\/types\/product"}],"replies":[{"embeddable":true,"href":"https:\/\/nspsignature.com\/index.php?rest_route=%2Fwp%2Fv2%2Fcomments&post=4668"}],"wp:featuredmedia":[{"embeddable":true,"href":"https:\/\/nspsignature.com\/index.php?rest_route=\/wp\/v2\/media\/4669"}],"wp:attachment":[{"href":"https:\/\/nspsignature.com\/index.php?rest_route=%2Fwp%2Fv2%2Fmedia&parent=4668"}],"wp:term":[{"taxonomy":"product_cat","embeddable":true,"href":"https:\/\/nspsignature.com\/index.php?rest_route=%2Fwp%2Fv2%2Fproduct_cat&post=4668"},{"taxonomy":"product_tag","embeddable":true,"href":"https:\/\/nspsignature.com\/index.php?rest_route=%2Fwp%2Fv2%2Fproduct_tag&post=4668"}],"curies":[{"name":"wp","href":"https:\/\/api.w.org\/{rel}","templated":true}]}}