{"id":4798,"date":"2023-12-16T17:08:09","date_gmt":"2023-12-16T22:08:09","guid":{"rendered":"https:\/\/nspsignature.com\/?post_type=product&#038;p=4798"},"modified":"2024-03-09T13:11:22","modified_gmt":"2024-03-09T18:11:22","slug":"tasse-personnalisee-15-oz-je-suis-en-menopause-copie","status":"publish","type":"product","link":"https:\/\/nspsignature.com\/?product=tasse-personnalisee-15-oz-je-suis-en-menopause-copie","title":{"rendered":"Tasse personnalis\u00e9e 15 oz &#8211; Bonne Ann\u00e9e 2024 2025 2026 2027"},"content":{"rendered":"<p>[et_pb_section fb_built=&raquo;1&Prime; _builder_version=&raquo;3.22&Prime; custom_padding=&raquo;0px||||false|false&raquo;][et_pb_row _builder_version=&raquo;3.25&Prime; background_size=&raquo;initial&raquo; background_position=&raquo;top_left&raquo; background_repeat=&raquo;repeat&raquo; width=&raquo;100%&raquo; custom_padding=&raquo;0px||0px||false|false&raquo;][et_pb_column type=&raquo;4_4&Prime; _builder_version=&raquo;3.25&Prime; custom_padding=&raquo;|||&raquo; custom_padding__hover=&raquo;|||&raquo;][et_pb_wc_breadcrumb _builder_version=&raquo;3.0.47&Prime;][\/et_pb_wc_breadcrumb][et_pb_wc_cart_notice _builder_version=&raquo;3.0.47&Prime;][\/et_pb_wc_cart_notice][\/et_pb_column][\/et_pb_row][et_pb_row column_structure=&raquo;1_2,1_2&Prime; _builder_version=&raquo;3.25&Prime; background_size=&raquo;initial&raquo; background_position=&raquo;top_left&raquo; background_repeat=&raquo;repeat&raquo; width=&raquo;100%&raquo; custom_padding=&raquo;0px||||false|false&raquo;][et_pb_column type=&raquo;1_2&Prime; _builder_version=&raquo;3.25&Prime; custom_padding=&raquo;|||&raquo; custom_padding__hover=&raquo;|||&raquo;][et_pb_wc_images _builder_version=&raquo;3.0.47&Prime;][\/et_pb_wc_images][\/et_pb_column][et_pb_column type=&raquo;1_2&Prime; _builder_version=&raquo;3.25&Prime; custom_padding=&raquo;|||&raquo; custom_padding__hover=&raquo;|||&raquo;][et_pb_wc_title product=&raquo;4705&Prime; _builder_version=&raquo;4.9.7&Prime;][\/et_pb_wc_title][et_pb_wc_rating _builder_version=&raquo;3.0.47&Prime;][\/et_pb_wc_rating][et_pb_wc_price _builder_version=&raquo;3.0.47&Prime;][\/et_pb_wc_price][et_pb_wc_description _builder_version=&raquo;3.0.47&Prime;][\/et_pb_wc_description][et_pb_wc_add_to_cart _builder_version=&raquo;3.0.47&Prime;][\/et_pb_wc_add_to_cart][et_pb_wc_meta _builder_version=&raquo;3.0.47&Prime;][\/et_pb_wc_meta][\/et_pb_column][\/et_pb_row][et_pb_row _builder_version=&raquo;3.25&Prime; background_size=&raquo;initial&raquo; background_position=&raquo;top_left&raquo; background_repeat=&raquo;repeat&raquo; width=&raquo;100%&raquo;][et_pb_column type=&raquo;4_4&Prime; _builder_version=&raquo;3.25&Prime; custom_padding=&raquo;|||&raquo; custom_padding__hover=&raquo;|||&raquo;][et_pb_wc_tabs _builder_version=&raquo;3.0.47&Prime;] [\/et_pb_wc_tabs][et_pb_wc_upsells _builder_version=&raquo;3.0.47&Prime;][\/et_pb_wc_upsells][et_pb_wc_related_products _builder_version=&raquo;3.0.47&Prime;][\/et_pb_wc_related_products][\/et_pb_column][\/et_pb_row][\/et_pb_section]<\/p>\n","protected":false},"excerpt":{"rendered":"<p>&nbsp;<\/p>\n<h6><a href=\"mailto:info@nspsignature.com\">Pour une demande sp\u00e9ciale <\/a><span style=\"color: #3366ff;\"><em><a style=\"color: #3366ff;\" href=\"mailto:info@nspsignature.com\">: info@nspsignature.com<\/a><\/em><\/span><\/h6>\n","protected":false},"featured_media":4800,"comment_status":"closed","ping_status":"closed","template":"","meta":{"_et_pb_use_builder":"on","_et_pb_old_content":"<h4 style=\"text-align: center\"><strong>Tasse ''Bonne ann\u00e9e 2024 ''\u00a0 mais surtout.... En fran\u00e7ais !\r\n<\/strong><\/h4>\r\n\r\n<hr \/>\r\n<p style=\"text-align: left\">Tasse personnalisable, le cadeau parfait pour une amie, la famille ou simplement \u00e0 offrir pendant le temps des f\u00eates. Une tasse avec la mention en fran\u00e7ais est un cadeau unique pour souligner la bonne ann\u00e9e, mais surtout parfait pour la personne qu'on appr\u00e9cie.<\/p>\r\n&nbsp;\r\n\r\nNous n'utilisons que des produits de qualit\u00e9 sup\u00e9rieure qui sont durables et r\u00e9sistants.\r\n\r\n<strong>Va au lave-vaisselle x 1000 !<\/strong>\r\n\r\nQui ne se sert pas d'une tasse dans la vie quotidienne\u202f? Le cadeau id\u00e9al \u00e0 s'offrir ou \u00e0 offrir.\r\nOn est l\u00e0 pour r\u00e9aliser une tasse \u00e0 votre image ! Ajoutez un pr\u00e9nom \u00e0 l'endos de la tasse personnalisable.\r\n\r\n&nbsp;\r\n\r\nTASSE 15 oz - 425ml\r\n\r\n&nbsp;\r\n\r\n<strong>Temps de fabrication:\r\n<\/strong>D\u00e9lai de fabrication est de 3-7 jours\r\n\r\n<strong>Livraison:<\/strong>\r\nD\u00e9lai de livraison pour recevoir votre colis est de 24h-48h, apr\u00e8s la fabrication de votre produit.\r\n\r\nPour un montage personnalis\u00e9, des frais peuvent s'appliquer.\r\n<em>Pour une soumission par courriel:<span style=\"color: #0000ff\"> <a style=\"color: #0000ff\" href=\"mailto:info@nspsignature.com\">info@nspsignature.com<\/a><\/span> ou par t\u00e9l\u00e9phone 819-943-6054.<\/em>\r\n\r\n&nbsp;\r\n<h5><a href=\"https:\/\/nspsignature.com\/?page_id=2794\">Politique de confidentialit\u00e9 et conditions<\/a><\/h5>","_et_gb_content_width":"","om_disable_all_campaigns":false,"_monsterinsights_skip_tracking":false,"_monsterinsights_sitenote_active":false,"_monsterinsights_sitenote_note":"","_monsterinsights_sitenote_category":0},"product_cat":[52,27],"product_tag":[],"_links":{"self":[{"href":"https:\/\/nspsignature.com\/index.php?rest_route=\/wp\/v2\/product\/4798"}],"collection":[{"href":"https:\/\/nspsignature.com\/index.php?rest_route=\/wp\/v2\/product"}],"about":[{"href":"https:\/\/nspsignature.com\/index.php?rest_route=\/wp\/v2\/types\/product"}],"replies":[{"embeddable":true,"href":"https:\/\/nspsignature.com\/index.php?rest_route=%2Fwp%2Fv2%2Fcomments&post=4798"}],"wp:featuredmedia":[{"embeddable":true,"href":"https:\/\/nspsignature.com\/index.php?rest_route=\/wp\/v2\/media\/4800"}],"wp:attachment":[{"href":"https:\/\/nspsignature.com\/index.php?rest_route=%2Fwp%2Fv2%2Fmedia&parent=4798"}],"wp:term":[{"taxonomy":"product_cat","embeddable":true,"href":"https:\/\/nspsignature.com\/index.php?rest_route=%2Fwp%2Fv2%2Fproduct_cat&post=4798"},{"taxonomy":"product_tag","embeddable":true,"href":"https:\/\/nspsignature.com\/index.php?rest_route=%2Fwp%2Fv2%2Fproduct_tag&post=4798"}],"curies":[{"name":"wp","href":"https:\/\/api.w.org\/{rel}","templated":true}]}}